{"id":6509,"date":"2021-11-12T12:37:54","date_gmt":"2021-11-12T11:37:54","guid":{"rendered":"https:\/\/www.philodefi.fr\/?post_type=product&#038;p=6509"},"modified":"2025-11-08T10:37:33","modified_gmt":"2025-11-08T09:37:33","slug":"recharge-2e-edition","status":"publish","type":"product","link":"https:\/\/www.philodefi.fr\/index.php\/produit\/recharge-2e-edition\/","title":{"rendered":"Recharge 2e \u00e9dition (cartes additionnelles)"},"content":{"rendered":"<p>Si vous poss\u00e9dez le coffret 2e \u00e9dition, nous avons pens\u00e9 \u00e0 vous !<\/p>\n<p>Un kit \u00ab\u00a0recharge\u00a0\u00bb avec les cartes in\u00e9dites de la 3e \u00e9dition est disponible.<\/p>\n<p><strong>Il est propos\u00e9 \u00e0 9,90\u20ac TTC pour les envois en <span style=\"color: #800000;\">France M\u00e9tropolitaine, Belgique et Suisse<\/span>.<\/strong><br \/>\n<span style=\"color: #ff0000;\">Lors de votre commande, merci de selectionner \u00ab\u00a0Galerie170\u00a0\u00bb pour neutraliser le calcul des frais de port.<\/span><\/p>\n<p><img loading=\"lazy\" decoding=\"async\" src=\"https:\/\/www.philodefi.fr\/wp-content\/uploads\/2021\/11\/compo_cartes_ateliers.jpg\" alt=\"\" class=\"alignnone size-full wp-image-6508\" width=\"800\" height=\"643\" srcset=\"https:\/\/www.philodefi.fr\/wp-content\/uploads\/2021\/11\/compo_cartes_ateliers.jpg 800w, https:\/\/www.philodefi.fr\/wp-content\/uploads\/2021\/11\/compo_cartes_ateliers-300x241.jpg 300w, https:\/\/www.philodefi.fr\/wp-content\/uploads\/2021\/11\/compo_cartes_ateliers-768x617.jpg 768w, https:\/\/www.philodefi.fr\/wp-content\/uploads\/2021\/11\/compo_cartes_ateliers-600x482.jpg 600w\" sizes=\"auto, (max-width: 800px) 100vw, 800px\" \/><\/p>\n<p><em>Nota: sous r\u00e9serve de disponibilit\u00e9 car nous disposons d&rsquo;une quantit\u00e9 limit\u00e9e de recharges. <\/em><\/p>\n","protected":false},"excerpt":{"rendered":"<p>Si vous poss\u00e9dez le coffret 2e \u00e9dition, nous avons pens\u00e9 \u00e0 vous ! Un kit \u00ab\u00a0recharge\u00a0\u00bb avec les cartes in\u00e9dites de la 3e \u00e9dition est disponible. Il est propos\u00e9 \u00e0 9,90\u20ac TTC pour les envois en France M\u00e9tropolitaine, Belgique et Suisse. Lors de votre commande, merci de selectionner \u00ab\u00a0Galerie170\u00a0\u00bb pour [&hellip;]<\/p>\n","protected":false},"featured_media":6508,"template":"","meta":{"jetpack_post_was_ever_published":false,"jetpack_publicize_message":"","jetpack_publicize_feature_enabled":true,"jetpack_social_post_already_shared":true,"jetpack_social_options":{"image_generator_settings":{"template":"highway","enabled":false},"version":2}},"product_cat":[22],"product_tag":[],"class_list":{"0":"post-6509","1":"product","2":"type-product","3":"status-publish","4":"has-post-thumbnail","6":"product_cat-jeu-de-carte","8":"first","9":"instock","10":"taxable","11":"shipping-taxable","12":"purchasable","13":"product-type-simple"},"jetpack_publicize_connections":[],"yoast_head":"<!-- This site is optimized with the Yoast SEO plugin v24.0 - https:\/\/yoast.com\/wordpress\/plugins\/seo\/ -->\n<title>Recharge 2e \u00e9dition (cartes additionnelles) - Philod\u00e9fi<\/title>\n<meta name=\"description\" content=\"Philod\u00e9fi: les cartes in\u00e9dites de la 3e \u00e9dition pour compl\u00e9ter votre coffret\" \/>\n<meta name=\"robots\" content=\"index, follow, max-snippet:-1, max-image-preview:large, max-video-preview:-1\" \/>\n<link rel=\"canonical\" href=\"https:\/\/www.philodefi.fr\/index.php\/produit\/recharge-2e-edition\/\" \/>\n<meta property=\"og:locale\" content=\"fr_FR\" \/>\n<meta property=\"og:type\" content=\"article\" \/>\n<meta property=\"og:title\" content=\"Recharge 2e \u00e9dition (cartes additionnelles) - Philod\u00e9fi\" \/>\n<meta property=\"og:description\" content=\"Philod\u00e9fi: les cartes in\u00e9dites de la 3e \u00e9dition pour compl\u00e9ter votre coffret\" \/>\n<meta property=\"og:url\" content=\"https:\/\/www.philodefi.fr\/index.php\/produit\/recharge-2e-edition\/\" \/>\n<meta property=\"og:site_name\" content=\"Philod\u00e9fi\" \/>\n<meta property=\"article:publisher\" content=\"https:\/\/fr-fr.facebook.com\/Philodefi\/\" \/>\n<meta property=\"article:modified_time\" content=\"2025-11-08T09:37:33+00:00\" \/>\n<meta property=\"og:image\" content=\"https:\/\/www.philodefi.fr\/wp-content\/uploads\/2021\/11\/compo_cartes_ateliers.jpg\" \/>\n\t<meta property=\"og:image:width\" content=\"800\" \/>\n\t<meta property=\"og:image:height\" content=\"643\" \/>\n\t<meta property=\"og:image:type\" content=\"image\/jpeg\" \/>\n<meta name=\"twitter:card\" content=\"summary_large_image\" \/>\n<meta name=\"twitter:label1\" content=\"Dur\u00e9e de lecture estim\u00e9e\" \/>\n\t<meta name=\"twitter:data1\" content=\"1 minute\" \/>\n<script type=\"application\/ld+json\" class=\"yoast-schema-graph\">{\"@context\":\"https:\/\/schema.org\",\"@graph\":[{\"@type\":\"WebPage\",\"@id\":\"https:\/\/www.philodefi.fr\/index.php\/produit\/recharge-2e-edition\/\",\"url\":\"https:\/\/www.philodefi.fr\/index.php\/produit\/recharge-2e-edition\/\",\"name\":\"Recharge 2e \u00e9dition (cartes additionnelles) - Philod\u00e9fi\",\"isPartOf\":{\"@id\":\"https:\/\/www.philodefi.fr\/#website\"},\"primaryImageOfPage\":{\"@id\":\"https:\/\/www.philodefi.fr\/index.php\/produit\/recharge-2e-edition\/#primaryimage\"},\"image\":{\"@id\":\"https:\/\/www.philodefi.fr\/index.php\/produit\/recharge-2e-edition\/#primaryimage\"},\"thumbnailUrl\":\"https:\/\/www.philodefi.fr\/wp-content\/uploads\/2021\/11\/compo_cartes_ateliers.jpg\",\"datePublished\":\"2021-11-12T11:37:54+00:00\",\"dateModified\":\"2025-11-08T09:37:33+00:00\",\"description\":\"Philod\u00e9fi: les cartes in\u00e9dites de la 3e \u00e9dition pour compl\u00e9ter votre coffret\",\"breadcrumb\":{\"@id\":\"https:\/\/www.philodefi.fr\/index.php\/produit\/recharge-2e-edition\/#breadcrumb\"},\"inLanguage\":\"fr-FR\",\"potentialAction\":[{\"@type\":\"ReadAction\",\"target\":[\"https:\/\/www.philodefi.fr\/index.php\/produit\/recharge-2e-edition\/\"]}]},{\"@type\":\"ImageObject\",\"inLanguage\":\"fr-FR\",\"@id\":\"https:\/\/www.philodefi.fr\/index.php\/produit\/recharge-2e-edition\/#primaryimage\",\"url\":\"https:\/\/www.philodefi.fr\/wp-content\/uploads\/2021\/11\/compo_cartes_ateliers.jpg\",\"contentUrl\":\"https:\/\/www.philodefi.fr\/wp-content\/uploads\/2021\/11\/compo_cartes_ateliers.jpg\",\"width\":800,\"height\":643},{\"@type\":\"BreadcrumbList\",\"@id\":\"https:\/\/www.philodefi.fr\/index.php\/produit\/recharge-2e-edition\/#breadcrumb\",\"itemListElement\":[{\"@type\":\"ListItem\",\"position\":1,\"name\":\"Accueil\",\"item\":\"https:\/\/www.philodefi.fr\/\"},{\"@type\":\"ListItem\",\"position\":2,\"name\":\"Boutique\",\"item\":\"https:\/\/www.philodefi.fr\/index.php\/boutique\/\"},{\"@type\":\"ListItem\",\"position\":3,\"name\":\"Recharge 2e \u00e9dition (cartes additionnelles)\"}]},{\"@type\":\"WebSite\",\"@id\":\"https:\/\/www.philodefi.fr\/#website\",\"url\":\"https:\/\/www.philodefi.fr\/\",\"name\":\"Philod\u00e9fi\",\"description\":\"Le jeu pour apprendre la philosophie autrement\",\"publisher\":{\"@id\":\"https:\/\/www.philodefi.fr\/#organization\"},\"potentialAction\":[{\"@type\":\"SearchAction\",\"target\":{\"@type\":\"EntryPoint\",\"urlTemplate\":\"https:\/\/www.philodefi.fr\/?s={search_term_string}\"},\"query-input\":{\"@type\":\"PropertyValueSpecification\",\"valueRequired\":true,\"valueName\":\"search_term_string\"}}],\"inLanguage\":\"fr-FR\"},{\"@type\":\"Organization\",\"@id\":\"https:\/\/www.philodefi.fr\/#organization\",\"name\":\"Philod\u00e9fi\",\"url\":\"https:\/\/www.philodefi.fr\/\",\"logo\":{\"@type\":\"ImageObject\",\"inLanguage\":\"fr-FR\",\"@id\":\"https:\/\/www.philodefi.fr\/#\/schema\/logo\/image\/\",\"url\":\"https:\/\/www.philodefi.fr\/wp-content\/uploads\/2018\/10\/logo_philodefi-1.png\",\"contentUrl\":\"https:\/\/www.philodefi.fr\/wp-content\/uploads\/2018\/10\/logo_philodefi-1.png\",\"width\":678,\"height\":222,\"caption\":\"Philod\u00e9fi\"},\"image\":{\"@id\":\"https:\/\/www.philodefi.fr\/#\/schema\/logo\/image\/\"},\"sameAs\":[\"https:\/\/fr-fr.facebook.com\/Philodefi\/\",\"https:\/\/www.youtube.com\/channel\/UC_3N0HKscicsk2AIa0fP-tg\"]}]}<\/script>\n<!-- \/ Yoast SEO plugin. -->","yoast_head_json":{"title":"Recharge 2e \u00e9dition (cartes additionnelles) - Philod\u00e9fi","description":"Philod\u00e9fi: les cartes in\u00e9dites de la 3e \u00e9dition pour compl\u00e9ter votre coffret","robots":{"index":"index","follow":"follow","max-snippet":"max-snippet:-1","max-image-preview":"max-image-preview:large","max-video-preview":"max-video-preview:-1"},"canonical":"https:\/\/www.philodefi.fr\/index.php\/produit\/recharge-2e-edition\/","og_locale":"fr_FR","og_type":"article","og_title":"Recharge 2e \u00e9dition (cartes additionnelles) - Philod\u00e9fi","og_description":"Philod\u00e9fi: les cartes in\u00e9dites de la 3e \u00e9dition pour compl\u00e9ter votre coffret","og_url":"https:\/\/www.philodefi.fr\/index.php\/produit\/recharge-2e-edition\/","og_site_name":"Philod\u00e9fi","article_publisher":"https:\/\/fr-fr.facebook.com\/Philodefi\/","article_modified_time":"2025-11-08T09:37:33+00:00","og_image":[{"width":800,"height":643,"url":"https:\/\/www.philodefi.fr\/wp-content\/uploads\/2021\/11\/compo_cartes_ateliers.jpg","type":"image\/jpeg"}],"twitter_card":"summary_large_image","twitter_misc":{"Dur\u00e9e de lecture estim\u00e9e":"1 minute"},"schema":{"@context":"https:\/\/schema.org","@graph":[{"@type":"WebPage","@id":"https:\/\/www.philodefi.fr\/index.php\/produit\/recharge-2e-edition\/","url":"https:\/\/www.philodefi.fr\/index.php\/produit\/recharge-2e-edition\/","name":"Recharge 2e \u00e9dition (cartes additionnelles) - Philod\u00e9fi","isPartOf":{"@id":"https:\/\/www.philodefi.fr\/#website"},"primaryImageOfPage":{"@id":"https:\/\/www.philodefi.fr\/index.php\/produit\/recharge-2e-edition\/#primaryimage"},"image":{"@id":"https:\/\/www.philodefi.fr\/index.php\/produit\/recharge-2e-edition\/#primaryimage"},"thumbnailUrl":"https:\/\/www.philodefi.fr\/wp-content\/uploads\/2021\/11\/compo_cartes_ateliers.jpg","datePublished":"2021-11-12T11:37:54+00:00","dateModified":"2025-11-08T09:37:33+00:00","description":"Philod\u00e9fi: les cartes in\u00e9dites de la 3e \u00e9dition pour compl\u00e9ter votre coffret","breadcrumb":{"@id":"https:\/\/www.philodefi.fr\/index.php\/produit\/recharge-2e-edition\/#breadcrumb"},"inLanguage":"fr-FR","potentialAction":[{"@type":"ReadAction","target":["https:\/\/www.philodefi.fr\/index.php\/produit\/recharge-2e-edition\/"]}]},{"@type":"ImageObject","inLanguage":"fr-FR","@id":"https:\/\/www.philodefi.fr\/index.php\/produit\/recharge-2e-edition\/#primaryimage","url":"https:\/\/www.philodefi.fr\/wp-content\/uploads\/2021\/11\/compo_cartes_ateliers.jpg","contentUrl":"https:\/\/www.philodefi.fr\/wp-content\/uploads\/2021\/11\/compo_cartes_ateliers.jpg","width":800,"height":643},{"@type":"BreadcrumbList","@id":"https:\/\/www.philodefi.fr\/index.php\/produit\/recharge-2e-edition\/#breadcrumb","itemListElement":[{"@type":"ListItem","position":1,"name":"Accueil","item":"https:\/\/www.philodefi.fr\/"},{"@type":"ListItem","position":2,"name":"Boutique","item":"https:\/\/www.philodefi.fr\/index.php\/boutique\/"},{"@type":"ListItem","position":3,"name":"Recharge 2e \u00e9dition (cartes additionnelles)"}]},{"@type":"WebSite","@id":"https:\/\/www.philodefi.fr\/#website","url":"https:\/\/www.philodefi.fr\/","name":"Philod\u00e9fi","description":"Le jeu pour apprendre la philosophie autrement","publisher":{"@id":"https:\/\/www.philodefi.fr\/#organization"},"potentialAction":[{"@type":"SearchAction","target":{"@type":"EntryPoint","urlTemplate":"https:\/\/www.philodefi.fr\/?s={search_term_string}"},"query-input":{"@type":"PropertyValueSpecification","valueRequired":true,"valueName":"search_term_string"}}],"inLanguage":"fr-FR"},{"@type":"Organization","@id":"https:\/\/www.philodefi.fr\/#organization","name":"Philod\u00e9fi","url":"https:\/\/www.philodefi.fr\/","logo":{"@type":"ImageObject","inLanguage":"fr-FR","@id":"https:\/\/www.philodefi.fr\/#\/schema\/logo\/image\/","url":"https:\/\/www.philodefi.fr\/wp-content\/uploads\/2018\/10\/logo_philodefi-1.png","contentUrl":"https:\/\/www.philodefi.fr\/wp-content\/uploads\/2018\/10\/logo_philodefi-1.png","width":678,"height":222,"caption":"Philod\u00e9fi"},"image":{"@id":"https:\/\/www.philodefi.fr\/#\/schema\/logo\/image\/"},"sameAs":["https:\/\/fr-fr.facebook.com\/Philodefi\/","https:\/\/www.youtube.com\/channel\/UC_3N0HKscicsk2AIa0fP-tg"]}]}},"jetpack_sharing_enabled":true,"_links":{"self":[{"href":"https:\/\/www.philodefi.fr\/index.php\/wp-json\/wp\/v2\/product\/6509","targetHints":{"allow":["GET"]}}],"collection":[{"href":"https:\/\/www.philodefi.fr\/index.php\/wp-json\/wp\/v2\/product"}],"about":[{"href":"https:\/\/www.philodefi.fr\/index.php\/wp-json\/wp\/v2\/types\/product"}],"wp:featuredmedia":[{"embeddable":true,"href":"https:\/\/www.philodefi.fr\/index.php\/wp-json\/wp\/v2\/media\/6508"}],"wp:attachment":[{"href":"https:\/\/www.philodefi.fr\/index.php\/wp-json\/wp\/v2\/media?parent=6509"}],"wp:term":[{"taxonomy":"product_cat","embeddable":true,"href":"https:\/\/www.philodefi.fr\/index.php\/wp-json\/wp\/v2\/product_cat?post=6509"},{"taxonomy":"product_tag","embeddable":true,"href":"https:\/\/www.philodefi.fr\/index.php\/wp-json\/wp\/v2\/product_tag?post=6509"}],"curies":[{"name":"wp","href":"https:\/\/api.w.org\/{rel}","templated":true}]}}