{"id":19551,"date":"2025-07-03T15:42:03","date_gmt":"2025-07-03T13:42:03","guid":{"rendered":"https:\/\/www.philodefi.fr\/?post_type=product&#038;p=19551"},"modified":"2025-07-03T15:46:38","modified_gmt":"2025-07-03T13:46:38","slug":"kit1-recharge-de-cartes-3eme-edition","status":"publish","type":"product","link":"https:\/\/www.philodefi.fr\/index.php\/produit\/kit1-recharge-de-cartes-3eme-edition\/","title":{"rendered":"Kit1 &#8211; Recharge de cartes 3\u00e8me \u00e9dition (36 cartes)"},"content":{"rendered":"<h5><strong>La famille philosophique s&rsquo;agrandit !<\/strong><\/h5>\n<p>Vous pouvez compl\u00e9ter votre coffret Philod\u00e9fi avec le kit 1 contenant 36 cartes avec les auteurs, notions et questions r\u00e9ponses pour<\/p>\n<ul>\n<li>Voltaire<\/li>\n<li>Diderot<\/li>\n<li>Girard<\/li>\n<\/ul>\n","protected":false},"excerpt":{"rendered":"<p>La famille philosophique s&rsquo;agrandit ! Vous pouvez compl\u00e9ter votre coffret Philod\u00e9fi avec le kit 1 contenant 36 cartes avec les auteurs, notions et questions r\u00e9ponses pour Voltaire Diderot Girard<\/p>\n","protected":false},"featured_media":19552,"template":"","meta":{"jetpack_post_was_ever_published":false,"jetpack_publicize_message":"","jetpack_publicize_feature_enabled":true,"jetpack_social_post_already_shared":true,"jetpack_social_options":{"image_generator_settings":{"template":"highway","enabled":false},"version":2}},"product_cat":[22],"product_tag":[],"class_list":{"0":"post-19551","1":"product","2":"type-product","3":"status-publish","4":"has-post-thumbnail","6":"product_cat-jeu-de-carte","8":"first","9":"instock","10":"taxable","11":"shipping-taxable","12":"purchasable","13":"product-type-simple"},"jetpack_publicize_connections":[],"yoast_head":"<!-- This site is optimized with the Yoast SEO plugin v24.0 - https:\/\/yoast.com\/wordpress\/plugins\/seo\/ -->\n<title>Kit1 - Recharge de cartes 3\u00e8me \u00e9dition (36 cartes) - Philod\u00e9fi<\/title>\n<meta name=\"robots\" content=\"index, follow, max-snippet:-1, max-image-preview:large, max-video-preview:-1\" \/>\n<link rel=\"canonical\" href=\"https:\/\/www.philodefi.fr\/index.php\/produit\/kit1-recharge-de-cartes-3eme-edition\/\" \/>\n<meta property=\"og:locale\" content=\"fr_FR\" \/>\n<meta property=\"og:type\" content=\"article\" \/>\n<meta property=\"og:title\" content=\"Kit1 - Recharge de cartes 3\u00e8me \u00e9dition (36 cartes) - Philod\u00e9fi\" \/>\n<meta property=\"og:description\" content=\"La famille philosophique s&rsquo;agrandit ! Vous pouvez compl\u00e9ter votre coffret Philod\u00e9fi avec le kit 1 contenant 36 cartes avec les auteurs, notions et questions r\u00e9ponses pour Voltaire Diderot Girard\" \/>\n<meta property=\"og:url\" content=\"https:\/\/www.philodefi.fr\/index.php\/produit\/kit1-recharge-de-cartes-3eme-edition\/\" \/>\n<meta property=\"og:site_name\" content=\"Philod\u00e9fi\" \/>\n<meta property=\"article:publisher\" content=\"https:\/\/fr-fr.facebook.com\/Philodefi\/\" \/>\n<meta property=\"article:modified_time\" content=\"2025-07-03T13:46:38+00:00\" \/>\n<meta property=\"og:image\" content=\"https:\/\/www.philodefi.fr\/wp-content\/uploads\/2025\/07\/site_pack_cartes_lettres_01.jpg\" \/>\n\t<meta property=\"og:image:width\" content=\"800\" \/>\n\t<meta property=\"og:image:height\" content=\"1200\" \/>\n\t<meta property=\"og:image:type\" content=\"image\/jpeg\" \/>\n<meta name=\"twitter:card\" content=\"summary_large_image\" \/>\n<meta name=\"twitter:label1\" content=\"Dur\u00e9e de lecture estim\u00e9e\" \/>\n\t<meta name=\"twitter:data1\" content=\"1 minute\" \/>\n<script type=\"application\/ld+json\" class=\"yoast-schema-graph\">{\"@context\":\"https:\/\/schema.org\",\"@graph\":[{\"@type\":\"WebPage\",\"@id\":\"https:\/\/www.philodefi.fr\/index.php\/produit\/kit1-recharge-de-cartes-3eme-edition\/\",\"url\":\"https:\/\/www.philodefi.fr\/index.php\/produit\/kit1-recharge-de-cartes-3eme-edition\/\",\"name\":\"Kit1 - Recharge de cartes 3\u00e8me \u00e9dition (36 cartes) - Philod\u00e9fi\",\"isPartOf\":{\"@id\":\"https:\/\/www.philodefi.fr\/#website\"},\"primaryImageOfPage\":{\"@id\":\"https:\/\/www.philodefi.fr\/index.php\/produit\/kit1-recharge-de-cartes-3eme-edition\/#primaryimage\"},\"image\":{\"@id\":\"https:\/\/www.philodefi.fr\/index.php\/produit\/kit1-recharge-de-cartes-3eme-edition\/#primaryimage\"},\"thumbnailUrl\":\"https:\/\/www.philodefi.fr\/wp-content\/uploads\/2025\/07\/site_pack_cartes_lettres_01.jpg\",\"datePublished\":\"2025-07-03T13:42:03+00:00\",\"dateModified\":\"2025-07-03T13:46:38+00:00\",\"breadcrumb\":{\"@id\":\"https:\/\/www.philodefi.fr\/index.php\/produit\/kit1-recharge-de-cartes-3eme-edition\/#breadcrumb\"},\"inLanguage\":\"fr-FR\",\"potentialAction\":[{\"@type\":\"ReadAction\",\"target\":[\"https:\/\/www.philodefi.fr\/index.php\/produit\/kit1-recharge-de-cartes-3eme-edition\/\"]}]},{\"@type\":\"ImageObject\",\"inLanguage\":\"fr-FR\",\"@id\":\"https:\/\/www.philodefi.fr\/index.php\/produit\/kit1-recharge-de-cartes-3eme-edition\/#primaryimage\",\"url\":\"https:\/\/www.philodefi.fr\/wp-content\/uploads\/2025\/07\/site_pack_cartes_lettres_01.jpg\",\"contentUrl\":\"https:\/\/www.philodefi.fr\/wp-content\/uploads\/2025\/07\/site_pack_cartes_lettres_01.jpg\",\"width\":800,\"height\":1200},{\"@type\":\"BreadcrumbList\",\"@id\":\"https:\/\/www.philodefi.fr\/index.php\/produit\/kit1-recharge-de-cartes-3eme-edition\/#breadcrumb\",\"itemListElement\":[{\"@type\":\"ListItem\",\"position\":1,\"name\":\"Accueil\",\"item\":\"https:\/\/www.philodefi.fr\/\"},{\"@type\":\"ListItem\",\"position\":2,\"name\":\"Boutique\",\"item\":\"https:\/\/www.philodefi.fr\/index.php\/boutique\/\"},{\"@type\":\"ListItem\",\"position\":3,\"name\":\"Kit1 &#8211; Recharge de cartes 3\u00e8me \u00e9dition (36 cartes)\"}]},{\"@type\":\"WebSite\",\"@id\":\"https:\/\/www.philodefi.fr\/#website\",\"url\":\"https:\/\/www.philodefi.fr\/\",\"name\":\"Philod\u00e9fi\",\"description\":\"Le jeu pour apprendre la philosophie autrement\",\"publisher\":{\"@id\":\"https:\/\/www.philodefi.fr\/#organization\"},\"potentialAction\":[{\"@type\":\"SearchAction\",\"target\":{\"@type\":\"EntryPoint\",\"urlTemplate\":\"https:\/\/www.philodefi.fr\/?s={search_term_string}\"},\"query-input\":{\"@type\":\"PropertyValueSpecification\",\"valueRequired\":true,\"valueName\":\"search_term_string\"}}],\"inLanguage\":\"fr-FR\"},{\"@type\":\"Organization\",\"@id\":\"https:\/\/www.philodefi.fr\/#organization\",\"name\":\"Philod\u00e9fi\",\"url\":\"https:\/\/www.philodefi.fr\/\",\"logo\":{\"@type\":\"ImageObject\",\"inLanguage\":\"fr-FR\",\"@id\":\"https:\/\/www.philodefi.fr\/#\/schema\/logo\/image\/\",\"url\":\"https:\/\/www.philodefi.fr\/wp-content\/uploads\/2018\/10\/logo_philodefi-1.png\",\"contentUrl\":\"https:\/\/www.philodefi.fr\/wp-content\/uploads\/2018\/10\/logo_philodefi-1.png\",\"width\":678,\"height\":222,\"caption\":\"Philod\u00e9fi\"},\"image\":{\"@id\":\"https:\/\/www.philodefi.fr\/#\/schema\/logo\/image\/\"},\"sameAs\":[\"https:\/\/fr-fr.facebook.com\/Philodefi\/\",\"https:\/\/www.youtube.com\/channel\/UC_3N0HKscicsk2AIa0fP-tg\"]}]}<\/script>\n<!-- \/ Yoast SEO plugin. -->","yoast_head_json":{"title":"Kit1 - Recharge de cartes 3\u00e8me \u00e9dition (36 cartes) - Philod\u00e9fi","robots":{"index":"index","follow":"follow","max-snippet":"max-snippet:-1","max-image-preview":"max-image-preview:large","max-video-preview":"max-video-preview:-1"},"canonical":"https:\/\/www.philodefi.fr\/index.php\/produit\/kit1-recharge-de-cartes-3eme-edition\/","og_locale":"fr_FR","og_type":"article","og_title":"Kit1 - Recharge de cartes 3\u00e8me \u00e9dition (36 cartes) - Philod\u00e9fi","og_description":"La famille philosophique s&rsquo;agrandit ! Vous pouvez compl\u00e9ter votre coffret Philod\u00e9fi avec le kit 1 contenant 36 cartes avec les auteurs, notions et questions r\u00e9ponses pour Voltaire Diderot Girard","og_url":"https:\/\/www.philodefi.fr\/index.php\/produit\/kit1-recharge-de-cartes-3eme-edition\/","og_site_name":"Philod\u00e9fi","article_publisher":"https:\/\/fr-fr.facebook.com\/Philodefi\/","article_modified_time":"2025-07-03T13:46:38+00:00","og_image":[{"width":800,"height":1200,"url":"https:\/\/www.philodefi.fr\/wp-content\/uploads\/2025\/07\/site_pack_cartes_lettres_01.jpg","type":"image\/jpeg"}],"twitter_card":"summary_large_image","twitter_misc":{"Dur\u00e9e de lecture estim\u00e9e":"1 minute"},"schema":{"@context":"https:\/\/schema.org","@graph":[{"@type":"WebPage","@id":"https:\/\/www.philodefi.fr\/index.php\/produit\/kit1-recharge-de-cartes-3eme-edition\/","url":"https:\/\/www.philodefi.fr\/index.php\/produit\/kit1-recharge-de-cartes-3eme-edition\/","name":"Kit1 - Recharge de cartes 3\u00e8me \u00e9dition (36 cartes) - Philod\u00e9fi","isPartOf":{"@id":"https:\/\/www.philodefi.fr\/#website"},"primaryImageOfPage":{"@id":"https:\/\/www.philodefi.fr\/index.php\/produit\/kit1-recharge-de-cartes-3eme-edition\/#primaryimage"},"image":{"@id":"https:\/\/www.philodefi.fr\/index.php\/produit\/kit1-recharge-de-cartes-3eme-edition\/#primaryimage"},"thumbnailUrl":"https:\/\/www.philodefi.fr\/wp-content\/uploads\/2025\/07\/site_pack_cartes_lettres_01.jpg","datePublished":"2025-07-03T13:42:03+00:00","dateModified":"2025-07-03T13:46:38+00:00","breadcrumb":{"@id":"https:\/\/www.philodefi.fr\/index.php\/produit\/kit1-recharge-de-cartes-3eme-edition\/#breadcrumb"},"inLanguage":"fr-FR","potentialAction":[{"@type":"ReadAction","target":["https:\/\/www.philodefi.fr\/index.php\/produit\/kit1-recharge-de-cartes-3eme-edition\/"]}]},{"@type":"ImageObject","inLanguage":"fr-FR","@id":"https:\/\/www.philodefi.fr\/index.php\/produit\/kit1-recharge-de-cartes-3eme-edition\/#primaryimage","url":"https:\/\/www.philodefi.fr\/wp-content\/uploads\/2025\/07\/site_pack_cartes_lettres_01.jpg","contentUrl":"https:\/\/www.philodefi.fr\/wp-content\/uploads\/2025\/07\/site_pack_cartes_lettres_01.jpg","width":800,"height":1200},{"@type":"BreadcrumbList","@id":"https:\/\/www.philodefi.fr\/index.php\/produit\/kit1-recharge-de-cartes-3eme-edition\/#breadcrumb","itemListElement":[{"@type":"ListItem","position":1,"name":"Accueil","item":"https:\/\/www.philodefi.fr\/"},{"@type":"ListItem","position":2,"name":"Boutique","item":"https:\/\/www.philodefi.fr\/index.php\/boutique\/"},{"@type":"ListItem","position":3,"name":"Kit1 &#8211; Recharge de cartes 3\u00e8me \u00e9dition (36 cartes)"}]},{"@type":"WebSite","@id":"https:\/\/www.philodefi.fr\/#website","url":"https:\/\/www.philodefi.fr\/","name":"Philod\u00e9fi","description":"Le jeu pour apprendre la philosophie autrement","publisher":{"@id":"https:\/\/www.philodefi.fr\/#organization"},"potentialAction":[{"@type":"SearchAction","target":{"@type":"EntryPoint","urlTemplate":"https:\/\/www.philodefi.fr\/?s={search_term_string}"},"query-input":{"@type":"PropertyValueSpecification","valueRequired":true,"valueName":"search_term_string"}}],"inLanguage":"fr-FR"},{"@type":"Organization","@id":"https:\/\/www.philodefi.fr\/#organization","name":"Philod\u00e9fi","url":"https:\/\/www.philodefi.fr\/","logo":{"@type":"ImageObject","inLanguage":"fr-FR","@id":"https:\/\/www.philodefi.fr\/#\/schema\/logo\/image\/","url":"https:\/\/www.philodefi.fr\/wp-content\/uploads\/2018\/10\/logo_philodefi-1.png","contentUrl":"https:\/\/www.philodefi.fr\/wp-content\/uploads\/2018\/10\/logo_philodefi-1.png","width":678,"height":222,"caption":"Philod\u00e9fi"},"image":{"@id":"https:\/\/www.philodefi.fr\/#\/schema\/logo\/image\/"},"sameAs":["https:\/\/fr-fr.facebook.com\/Philodefi\/","https:\/\/www.youtube.com\/channel\/UC_3N0HKscicsk2AIa0fP-tg"]}]}},"jetpack_sharing_enabled":true,"_links":{"self":[{"href":"https:\/\/www.philodefi.fr\/index.php\/wp-json\/wp\/v2\/product\/19551","targetHints":{"allow":["GET"]}}],"collection":[{"href":"https:\/\/www.philodefi.fr\/index.php\/wp-json\/wp\/v2\/product"}],"about":[{"href":"https:\/\/www.philodefi.fr\/index.php\/wp-json\/wp\/v2\/types\/product"}],"wp:featuredmedia":[{"embeddable":true,"href":"https:\/\/www.philodefi.fr\/index.php\/wp-json\/wp\/v2\/media\/19552"}],"wp:attachment":[{"href":"https:\/\/www.philodefi.fr\/index.php\/wp-json\/wp\/v2\/media?parent=19551"}],"wp:term":[{"taxonomy":"product_cat","embeddable":true,"href":"https:\/\/www.philodefi.fr\/index.php\/wp-json\/wp\/v2\/product_cat?post=19551"},{"taxonomy":"product_tag","embeddable":true,"href":"https:\/\/www.philodefi.fr\/index.php\/wp-json\/wp\/v2\/product_tag?post=19551"}],"curies":[{"name":"wp","href":"https:\/\/api.w.org\/{rel}","templated":true}]}}