{"id":668,"date":"2019-01-05T15:36:50","date_gmt":"2019-01-05T14:36:50","guid":{"rendered":"https:\/\/www.philodefi.fr\/?page_id=668"},"modified":"2019-01-05T15:41:07","modified_gmt":"2019-01-05T14:41:07","slug":"questions-frequentes","status":"publish","type":"page","link":"https:\/\/www.philodefi.fr\/index.php\/questions-frequentes\/","title":{"rendered":"Questions fr\u00e9quentes"},"content":{"rendered":"<h1>Questions fr\u00e9quentes<\/h1>\n<h4>Pourquoi n&rsquo;y a-t-il pas de femmes philosophes dans Philod\u00e9fi\u00a0?<\/h4>\n<p>Si l&rsquo;on regarde un manuel classique de philosophie pour les classe de Terminale, les femmes philosophes sont tr\u00e8s minoritaires et tr\u00e8s peu cit\u00e9es\u00a0: elles n&rsquo;apparaissent que r\u00e9cemment, au XX\u00e8me \u00a0: Hannah Arendt, Simone Weil, Simone de Beauvoir, Barbara Cassin, Judith Butler, Blandine Kriegel&#8230; Nous esp\u00e9rons que ce jeu de cartes d\u00e9clenchera des vocations pour conjuguer davantage la philosophie au f\u00e9minin\u00a0!<\/p>\n<h4>Ce jeu rend-il les professeurs inutiles\u00a0?<\/h4>\n<p>Ce jeu permet de d\u00e9couvrir les auteurs, de se familiariser avec les grandes approches philosophiques classiques. Il permet aussi de favoriser l&rsquo;apprentissage de l&rsquo;argumentation. Tout cela a certes lieu dans une classe de philosophie mais le professeur demeure incontournable pour acc\u00e9der aux textes philosophiques et s&rsquo;exercer \u00e0 la m\u00e9thode de la dissertation ou de l&rsquo;explication de texte.<\/p>\n<h4>Ne manque-t-il pas des auteurs essentiels comme Epicure, Spinoza, Alain, Michel Foucault&#8230;<\/h4>\n<p>Douze auteurs ont \u00e9t\u00e9 choisis\u00a0: ce sont des auteurs dont les textes sont accessibles aux \u00e9l\u00e8ves de lyc\u00e9e. Par ailleurs les textes de ces auteurs sont g\u00e9n\u00e9ralement en nombre suffisant dans les manuels de Terminale pour constituer un ensemble coh\u00e9rent qui forme un syst\u00e8me assez complet. Bien s\u00fbr la pens\u00e9e philosophique ne se r\u00e9sume pas \u00e0 ces 12 philosophes et des extensions devraient voir le jour pour compl\u00e9ter ce premier panorama de la pens\u00e9e qu&rsquo;offre la premi\u00e8re version de Philod\u00e9fi.<\/p>\n<h4>Socrate n&rsquo;ayant rien \u00e9crit, pourquoi le faire figurer parmi les philosophes\u00a0?<\/h4>\n<p>Selon Maurice Merleau-Ponty, Socrate est le \u00ab\u00a0patron des philosophes\u00a0\u00bb, puisqu&rsquo;il illustre par sa vie le choix de la v\u00e9rit\u00e9, un choix qui l&rsquo;am\u00e8ne \u00e0 accepter une mort injuste plut\u00f4t que de commettre l&rsquo;injustice et de renier la v\u00e9rit\u00e9. Par ailleurs, avant Socrate, il y a les \u2026 pr\u00e9socratiques, ce qui prouve bien que Socrate est un marqueur incontournable de l&rsquo;histoire de la philosophie.<\/p>\n<h4>Peut-on vraiment consid\u00e9rer Freud comme un philosophe\u00a0?<\/h4>\n<p>Etant donn\u00e9 que l&rsquo;histoire de la philosophie a retenu Nietzsche, Marx et Freud comme des \u00ab\u00a0philosophes du soup\u00e7on\u00a0\u00bb, il ne nous para\u00eet pas incongru de qualifier Freud de philosophe. Celui-ci a vraiment marqu\u00e9 le XX si\u00e8cle et conna\u00eetre les grandes lignes de l&rsquo;approche freudienne nous semble incontournable\u00a0: n&rsquo;est-il pas de l&rsquo;ordre de la culture g\u00e9n\u00e9rale de savoir ce qu&rsquo;est un acte manqu\u00e9, un lapsus ou encore en quoi consiste le \u00ab\u00a0complexe d&rsquo;Oedipe\u00a0\u00bb\u00a0?<\/p>\n<p>&nbsp;<\/p>\n","protected":false},"excerpt":{"rendered":"<p>Questions fr\u00e9quentes Pourquoi n&rsquo;y a-t-il pas de femmes philosophes dans Philod\u00e9fi\u00a0? Si l&rsquo;on regarde un manuel classique de philosophie pour les classe de Terminale, les femmes philosophes sont tr\u00e8s minoritaires et tr\u00e8s peu cit\u00e9es\u00a0: elles n&rsquo;apparaissent que r\u00e9cemment, au XX\u00e8me \u00a0: Hannah Arendt, Simone Weil, Simone de Beauvoir, Barbara Cassin, [&hellip;]<\/p>\n","protected":false},"author":2,"featured_media":40,"parent":0,"menu_order":0,"comment_status":"closed","ping_status":"closed","template":"","meta":{"jetpack_post_was_ever_published":false,"footnotes":""},"class_list":["post-668","page","type-page","status-publish","has-post-thumbnail","hentry"],"yoast_head":"<!-- This site is optimized with the Yoast SEO plugin v24.0 - https:\/\/yoast.com\/wordpress\/plugins\/seo\/ -->\n<title>Questions fr\u00e9quentes - Philod\u00e9fi<\/title>\n<meta name=\"robots\" content=\"index, follow, max-snippet:-1, max-image-preview:large, max-video-preview:-1\" \/>\n<link rel=\"canonical\" href=\"https:\/\/www.philodefi.fr\/index.php\/questions-frequentes\/\" \/>\n<meta property=\"og:locale\" content=\"fr_FR\" \/>\n<meta property=\"og:type\" content=\"article\" \/>\n<meta property=\"og:title\" content=\"Questions fr\u00e9quentes - Philod\u00e9fi\" \/>\n<meta property=\"og:description\" content=\"Questions fr\u00e9quentes Pourquoi n&rsquo;y a-t-il pas de femmes philosophes dans Philod\u00e9fi\u00a0? Si l&rsquo;on regarde un manuel classique de philosophie pour les classe de Terminale, les femmes philosophes sont tr\u00e8s minoritaires et tr\u00e8s peu cit\u00e9es\u00a0: elles n&rsquo;apparaissent que r\u00e9cemment, au XX\u00e8me \u00a0: Hannah Arendt, Simone Weil, Simone de Beauvoir, Barbara Cassin, [&hellip;]\" \/>\n<meta property=\"og:url\" content=\"https:\/\/www.philodefi.fr\/index.php\/questions-frequentes\/\" \/>\n<meta property=\"og:site_name\" content=\"Philod\u00e9fi\" \/>\n<meta property=\"article:publisher\" content=\"https:\/\/fr-fr.facebook.com\/Philodefi\/\" \/>\n<meta property=\"article:modified_time\" content=\"2019-01-05T14:41:07+00:00\" \/>\n<meta property=\"og:image\" content=\"https:\/\/www.philodefi.fr\/wp-content\/uploads\/2018\/10\/writing_comp.jpg\" \/>\n\t<meta property=\"og:image:width\" content=\"1024\" \/>\n\t<meta property=\"og:image:height\" content=\"684\" \/>\n\t<meta property=\"og:image:type\" content=\"image\/jpeg\" \/>\n<meta name=\"twitter:card\" content=\"summary_large_image\" \/>\n<meta name=\"twitter:label1\" content=\"Dur\u00e9e de lecture estim\u00e9e\" \/>\n\t<meta name=\"twitter:data1\" content=\"2 minutes\" \/>\n<script type=\"application\/ld+json\" class=\"yoast-schema-graph\">{\"@context\":\"https:\/\/schema.org\",\"@graph\":[{\"@type\":\"WebPage\",\"@id\":\"https:\/\/www.philodefi.fr\/index.php\/questions-frequentes\/\",\"url\":\"https:\/\/www.philodefi.fr\/index.php\/questions-frequentes\/\",\"name\":\"Questions fr\u00e9quentes - Philod\u00e9fi\",\"isPartOf\":{\"@id\":\"https:\/\/www.philodefi.fr\/#website\"},\"primaryImageOfPage\":{\"@id\":\"https:\/\/www.philodefi.fr\/index.php\/questions-frequentes\/#primaryimage\"},\"image\":{\"@id\":\"https:\/\/www.philodefi.fr\/index.php\/questions-frequentes\/#primaryimage\"},\"thumbnailUrl\":\"https:\/\/www.philodefi.fr\/wp-content\/uploads\/2018\/10\/writing_comp.jpg\",\"datePublished\":\"2019-01-05T14:36:50+00:00\",\"dateModified\":\"2019-01-05T14:41:07+00:00\",\"breadcrumb\":{\"@id\":\"https:\/\/www.philodefi.fr\/index.php\/questions-frequentes\/#breadcrumb\"},\"inLanguage\":\"fr-FR\",\"potentialAction\":[{\"@type\":\"ReadAction\",\"target\":[\"https:\/\/www.philodefi.fr\/index.php\/questions-frequentes\/\"]}]},{\"@type\":\"ImageObject\",\"inLanguage\":\"fr-FR\",\"@id\":\"https:\/\/www.philodefi.fr\/index.php\/questions-frequentes\/#primaryimage\",\"url\":\"https:\/\/www.philodefi.fr\/wp-content\/uploads\/2018\/10\/writing_comp.jpg\",\"contentUrl\":\"https:\/\/www.philodefi.fr\/wp-content\/uploads\/2018\/10\/writing_comp.jpg\",\"width\":1024,\"height\":684},{\"@type\":\"BreadcrumbList\",\"@id\":\"https:\/\/www.philodefi.fr\/index.php\/questions-frequentes\/#breadcrumb\",\"itemListElement\":[{\"@type\":\"ListItem\",\"position\":1,\"name\":\"Accueil\",\"item\":\"https:\/\/www.philodefi.fr\/\"},{\"@type\":\"ListItem\",\"position\":2,\"name\":\"Questions fr\u00e9quentes\"}]},{\"@type\":\"WebSite\",\"@id\":\"https:\/\/www.philodefi.fr\/#website\",\"url\":\"https:\/\/www.philodefi.fr\/\",\"name\":\"Philod\u00e9fi\",\"description\":\"Le jeu pour apprendre la philosophie autrement\",\"publisher\":{\"@id\":\"https:\/\/www.philodefi.fr\/#organization\"},\"potentialAction\":[{\"@type\":\"SearchAction\",\"target\":{\"@type\":\"EntryPoint\",\"urlTemplate\":\"https:\/\/www.philodefi.fr\/?s={search_term_string}\"},\"query-input\":{\"@type\":\"PropertyValueSpecification\",\"valueRequired\":true,\"valueName\":\"search_term_string\"}}],\"inLanguage\":\"fr-FR\"},{\"@type\":\"Organization\",\"@id\":\"https:\/\/www.philodefi.fr\/#organization\",\"name\":\"Philod\u00e9fi\",\"url\":\"https:\/\/www.philodefi.fr\/\",\"logo\":{\"@type\":\"ImageObject\",\"inLanguage\":\"fr-FR\",\"@id\":\"https:\/\/www.philodefi.fr\/#\/schema\/logo\/image\/\",\"url\":\"https:\/\/www.philodefi.fr\/wp-content\/uploads\/2018\/10\/logo_philodefi-1.png\",\"contentUrl\":\"https:\/\/www.philodefi.fr\/wp-content\/uploads\/2018\/10\/logo_philodefi-1.png\",\"width\":678,\"height\":222,\"caption\":\"Philod\u00e9fi\"},\"image\":{\"@id\":\"https:\/\/www.philodefi.fr\/#\/schema\/logo\/image\/\"},\"sameAs\":[\"https:\/\/fr-fr.facebook.com\/Philodefi\/\",\"https:\/\/www.youtube.com\/channel\/UC_3N0HKscicsk2AIa0fP-tg\"]}]}<\/script>\n<!-- \/ Yoast SEO plugin. -->","yoast_head_json":{"title":"Questions fr\u00e9quentes - Philod\u00e9fi","robots":{"index":"index","follow":"follow","max-snippet":"max-snippet:-1","max-image-preview":"max-image-preview:large","max-video-preview":"max-video-preview:-1"},"canonical":"https:\/\/www.philodefi.fr\/index.php\/questions-frequentes\/","og_locale":"fr_FR","og_type":"article","og_title":"Questions fr\u00e9quentes - Philod\u00e9fi","og_description":"Questions fr\u00e9quentes Pourquoi n&rsquo;y a-t-il pas de femmes philosophes dans Philod\u00e9fi\u00a0? Si l&rsquo;on regarde un manuel classique de philosophie pour les classe de Terminale, les femmes philosophes sont tr\u00e8s minoritaires et tr\u00e8s peu cit\u00e9es\u00a0: elles n&rsquo;apparaissent que r\u00e9cemment, au XX\u00e8me \u00a0: Hannah Arendt, Simone Weil, Simone de Beauvoir, Barbara Cassin, [&hellip;]","og_url":"https:\/\/www.philodefi.fr\/index.php\/questions-frequentes\/","og_site_name":"Philod\u00e9fi","article_publisher":"https:\/\/fr-fr.facebook.com\/Philodefi\/","article_modified_time":"2019-01-05T14:41:07+00:00","og_image":[{"width":1024,"height":684,"url":"https:\/\/www.philodefi.fr\/wp-content\/uploads\/2018\/10\/writing_comp.jpg","type":"image\/jpeg"}],"twitter_card":"summary_large_image","twitter_misc":{"Dur\u00e9e de lecture estim\u00e9e":"2 minutes"},"schema":{"@context":"https:\/\/schema.org","@graph":[{"@type":"WebPage","@id":"https:\/\/www.philodefi.fr\/index.php\/questions-frequentes\/","url":"https:\/\/www.philodefi.fr\/index.php\/questions-frequentes\/","name":"Questions fr\u00e9quentes - Philod\u00e9fi","isPartOf":{"@id":"https:\/\/www.philodefi.fr\/#website"},"primaryImageOfPage":{"@id":"https:\/\/www.philodefi.fr\/index.php\/questions-frequentes\/#primaryimage"},"image":{"@id":"https:\/\/www.philodefi.fr\/index.php\/questions-frequentes\/#primaryimage"},"thumbnailUrl":"https:\/\/www.philodefi.fr\/wp-content\/uploads\/2018\/10\/writing_comp.jpg","datePublished":"2019-01-05T14:36:50+00:00","dateModified":"2019-01-05T14:41:07+00:00","breadcrumb":{"@id":"https:\/\/www.philodefi.fr\/index.php\/questions-frequentes\/#breadcrumb"},"inLanguage":"fr-FR","potentialAction":[{"@type":"ReadAction","target":["https:\/\/www.philodefi.fr\/index.php\/questions-frequentes\/"]}]},{"@type":"ImageObject","inLanguage":"fr-FR","@id":"https:\/\/www.philodefi.fr\/index.php\/questions-frequentes\/#primaryimage","url":"https:\/\/www.philodefi.fr\/wp-content\/uploads\/2018\/10\/writing_comp.jpg","contentUrl":"https:\/\/www.philodefi.fr\/wp-content\/uploads\/2018\/10\/writing_comp.jpg","width":1024,"height":684},{"@type":"BreadcrumbList","@id":"https:\/\/www.philodefi.fr\/index.php\/questions-frequentes\/#breadcrumb","itemListElement":[{"@type":"ListItem","position":1,"name":"Accueil","item":"https:\/\/www.philodefi.fr\/"},{"@type":"ListItem","position":2,"name":"Questions fr\u00e9quentes"}]},{"@type":"WebSite","@id":"https:\/\/www.philodefi.fr\/#website","url":"https:\/\/www.philodefi.fr\/","name":"Philod\u00e9fi","description":"Le jeu pour apprendre la philosophie autrement","publisher":{"@id":"https:\/\/www.philodefi.fr\/#organization"},"potentialAction":[{"@type":"SearchAction","target":{"@type":"EntryPoint","urlTemplate":"https:\/\/www.philodefi.fr\/?s={search_term_string}"},"query-input":{"@type":"PropertyValueSpecification","valueRequired":true,"valueName":"search_term_string"}}],"inLanguage":"fr-FR"},{"@type":"Organization","@id":"https:\/\/www.philodefi.fr\/#organization","name":"Philod\u00e9fi","url":"https:\/\/www.philodefi.fr\/","logo":{"@type":"ImageObject","inLanguage":"fr-FR","@id":"https:\/\/www.philodefi.fr\/#\/schema\/logo\/image\/","url":"https:\/\/www.philodefi.fr\/wp-content\/uploads\/2018\/10\/logo_philodefi-1.png","contentUrl":"https:\/\/www.philodefi.fr\/wp-content\/uploads\/2018\/10\/logo_philodefi-1.png","width":678,"height":222,"caption":"Philod\u00e9fi"},"image":{"@id":"https:\/\/www.philodefi.fr\/#\/schema\/logo\/image\/"},"sameAs":["https:\/\/fr-fr.facebook.com\/Philodefi\/","https:\/\/www.youtube.com\/channel\/UC_3N0HKscicsk2AIa0fP-tg"]}]}},"jetpack_sharing_enabled":true,"jetpack_shortlink":"https:\/\/wp.me\/PavdZ1-aM","_links":{"self":[{"href":"https:\/\/www.philodefi.fr\/index.php\/wp-json\/wp\/v2\/pages\/668","targetHints":{"allow":["GET"]}}],"collection":[{"href":"https:\/\/www.philodefi.fr\/index.php\/wp-json\/wp\/v2\/pages"}],"about":[{"href":"https:\/\/www.philodefi.fr\/index.php\/wp-json\/wp\/v2\/types\/page"}],"author":[{"embeddable":true,"href":"https:\/\/www.philodefi.fr\/index.php\/wp-json\/wp\/v2\/users\/2"}],"replies":[{"embeddable":true,"href":"https:\/\/www.philodefi.fr\/index.php\/wp-json\/wp\/v2\/comments?post=668"}],"version-history":[{"count":0,"href":"https:\/\/www.philodefi.fr\/index.php\/wp-json\/wp\/v2\/pages\/668\/revisions"}],"wp:featuredmedia":[{"embeddable":true,"href":"https:\/\/www.philodefi.fr\/index.php\/wp-json\/wp\/v2\/media\/40"}],"wp:attachment":[{"href":"https:\/\/www.philodefi.fr\/index.php\/wp-json\/wp\/v2\/media?parent=668"}],"curies":[{"name":"wp","href":"https:\/\/api.w.org\/{rel}","templated":true}]}}