{"id":6233,"date":"2021-09-14T17:24:40","date_gmt":"2021-09-14T15:24:40","guid":{"rendered":"https:\/\/www.philodefi.fr\/?page_id=6233"},"modified":"2022-02-08T15:50:37","modified_gmt":"2022-02-08T14:50:37","slug":"cours-et-methodo-bac-philo","status":"publish","type":"page","link":"https:\/\/www.philodefi.fr\/index.php\/espace-pedagogique\/cours-et-methodo-bac-philo\/","title":{"rendered":"Cours et m\u00e9thodo. BAC Philo"},"content":{"rendered":"<h2>Cours et m\u00e9thodologie pour le BAC philo<\/h2>\n<p>D\u00e9couvrez notre guide et nos conseils en vid\u00e9o sur la chaine SOS Education :<\/p>\n<p><iframe loading=\"lazy\" title=\"M\u00e9thodo BAC PHILO : Commentaire vs Dissert. Comment organiser ses brouillons... Par un prof de philo\" width=\"750\" height=\"422\" src=\"https:\/\/www.youtube.com\/embed\/-FtIzP6eJoQ?feature=oembed\" frameborder=\"0\" allow=\"accelerometer; autoplay; clipboard-write; encrypted-media; gyroscope; picture-in-picture; web-share\" referrerpolicy=\"strict-origin-when-cross-origin\" allowfullscreen><\/iframe><\/p>\n<h2>Comment r\u00e9diger une dissertation ?<\/h2>\n<p>Retrouvez la vid\u00e9o Mensa PCH \u00e0 l&rsquo;adresse suivante !<\/p>\n<p><iframe loading=\"lazy\" title=\"Comment r\u00e9diger une dissertation en philo ?\" width=\"750\" height=\"422\" src=\"https:\/\/www.youtube.com\/embed\/GOFO8KY06Bg?feature=oembed\" frameborder=\"0\" allow=\"accelerometer; autoplay; clipboard-write; encrypted-media; gyroscope; picture-in-picture; web-share\" referrerpolicy=\"strict-origin-when-cross-origin\" allowfullscreen><\/iframe><\/p>\n<h2>Les ateliers philo en webinaire<\/h2>\n<p>D\u00e9couvrez Descartes et Freud en webinaire avec Canop\u00e9 (17 novembre 2021)<\/p>\n<p><iframe loading=\"lazy\" title=\"Philod\u00e9fi: Webinaires Descartes et Freud avec Canop\u00e9\" width=\"750\" height=\"422\" src=\"https:\/\/www.youtube.com\/embed\/wxuMVR-qjXY?feature=oembed\" frameborder=\"0\" allow=\"accelerometer; autoplay; clipboard-write; encrypted-media; gyroscope; picture-in-picture; web-share\" referrerpolicy=\"strict-origin-when-cross-origin\" allowfullscreen><\/iframe><\/p>\n<p>D\u00e9couvrez Socrate en webinaire avec Canop\u00e9 (10 janvier 2022)<\/p>\n<p><iframe loading=\"lazy\" title=\"Philod\u00e9fi: Webinaire Socrate avec Canop\u00e9\" width=\"750\" height=\"422\" src=\"https:\/\/www.youtube.com\/embed\/AtmGbdl0pb0?feature=oembed\" frameborder=\"0\" allow=\"accelerometer; autoplay; clipboard-write; encrypted-media; gyroscope; picture-in-picture; web-share\" referrerpolicy=\"strict-origin-when-cross-origin\" allowfullscreen><\/iframe><\/p>\n<p>D\u00e9couvrez Rousseau en webinaire avec Canop\u00e9 (25 janvier 2022)<\/p>\n<p><iframe loading=\"lazy\" title=\"Philod\u00e9fi: Webinaire Rousseau avec Canop\u00e9\" width=\"750\" height=\"422\" src=\"https:\/\/www.youtube.com\/embed\/ZVHVF75AJcc?feature=oembed\" frameborder=\"0\" allow=\"accelerometer; autoplay; clipboard-write; encrypted-media; gyroscope; picture-in-picture; web-share\" referrerpolicy=\"strict-origin-when-cross-origin\" allowfullscreen><\/iframe><\/p>\n<p>D\u00e9couvrez Bergson en webinaire avec Canop\u00e9 (26 janvier 2022)<\/p>\n<p><iframe loading=\"lazy\" title=\"Philod\u00e9fi: Webinaire Bergson avec Canop\u00e9\" width=\"750\" height=\"422\" src=\"https:\/\/www.youtube.com\/embed\/bGXYuAwdA0s?feature=oembed\" frameborder=\"0\" allow=\"accelerometer; autoplay; clipboard-write; encrypted-media; gyroscope; picture-in-picture; web-share\" referrerpolicy=\"strict-origin-when-cross-origin\" allowfullscreen><\/iframe><\/p>\n<h2>Les \u00ab\u00a0s\u00e9ries\u00a0\u00bb par philosophe sur le podcast Clapotee<\/h2>\n<p><img loading=\"lazy\" decoding=\"async\" src=\"https:\/\/www.philodefi.fr\/wp-content\/uploads\/2021\/11\/web_clapotee-300x224.png\" alt=\"\" class=\"alignnone wp-image-6562\" width=\"500\" height=\"373\" srcset=\"https:\/\/www.philodefi.fr\/wp-content\/uploads\/2021\/11\/web_clapotee-300x224.png 300w, https:\/\/www.philodefi.fr\/wp-content\/uploads\/2021\/11\/web_clapotee-768x573.png 768w, https:\/\/www.philodefi.fr\/wp-content\/uploads\/2021\/11\/web_clapotee-600x447.png 600w, https:\/\/www.philodefi.fr\/wp-content\/uploads\/2021\/11\/web_clapotee.png 979w\" sizes=\"auto, (max-width: 500px) 100vw, 500px\" \/><\/p>\n<p><a class=\"moz-txt-link-freetext\" href=\"https:\/\/www.podcastics.com\/podcast\/clapotee\/\">https:\/\/www.podcastics.com\/podcast\/clapotee\/<\/a><\/p>\n<p>S\u00e9rie Philosophie : <a class=\"moz-txt-link-freetext\" href=\"https:\/\/www.podcastics.com\/podcast\/clapotee\/series\/philosophie-les-clapphilo\/\">https:\/\/www.podcastics.com\/podcast\/clapotee\/series\/philosophie-les-clapphilo\/<\/a><\/p>\n<p>Episode FREUD : <a class=\"moz-txt-link-freetext\" href=\"https:\/\/www.podcastics.com\/podcast\/episode\/freud-le-fondateur-de-la-psychanalyse-moderne-105098\/?s=912\">https:\/\/www.podcastics.com\/podcast\/episode\/freud-le-fondateur-de-la-psychanalyse-moderne-105098\/?s=912<\/a><\/p>\n<h2>Conf\u00e9rence Mensa PCH du 27 novembre 2021<\/h2>\n<p>D\u00e9couvrez la p\u00e9dagogie Philod\u00e9fi et une exploration rapide des univers de Socrate, Aristote, Pascal, Descartes, Hegel, Nietzsche, Freud et Bergson<\/p>\n<p><iframe loading=\"lazy\" title=\"Conf\u00e9rence Philod\u00e9fi Mensa PCH du 27 Novembre 2021\" width=\"750\" height=\"422\" src=\"https:\/\/www.youtube.com\/embed\/7DdTHPHQCys?feature=oembed\" frameborder=\"0\" allow=\"accelerometer; autoplay; clipboard-write; encrypted-media; gyroscope; picture-in-picture; web-share\" referrerpolicy=\"strict-origin-when-cross-origin\" allowfullscreen><\/iframe><\/p>\n","protected":false},"excerpt":{"rendered":"<p>Cours et m\u00e9thodologie pour le BAC philo D\u00e9couvrez notre guide et nos conseils en vid\u00e9o sur la chaine SOS Education : Comment r\u00e9diger une dissertation ? Retrouvez la vid\u00e9o Mensa PCH \u00e0 l&rsquo;adresse suivante ! Les ateliers philo en webinaire D\u00e9couvrez Descartes et Freud en webinaire avec Canop\u00e9 (17 novembre [&hellip;]<\/p>\n","protected":false},"author":1,"featured_media":71,"parent":3181,"menu_order":0,"comment_status":"closed","ping_status":"closed","template":"","meta":{"jetpack_post_was_ever_published":false,"footnotes":""},"class_list":["post-6233","page","type-page","status-publish","has-post-thumbnail","hentry"],"yoast_head":"<!-- This site is optimized with the Yoast SEO plugin v24.0 - https:\/\/yoast.com\/wordpress\/plugins\/seo\/ -->\n<title>Cours et m\u00e9thodo. BAC Philo - Philod\u00e9fi<\/title>\n<meta name=\"robots\" content=\"index, follow, max-snippet:-1, max-image-preview:large, max-video-preview:-1\" \/>\n<link rel=\"canonical\" href=\"https:\/\/www.philodefi.fr\/index.php\/espace-pedagogique\/cours-et-methodo-bac-philo\/\" \/>\n<meta property=\"og:locale\" content=\"fr_FR\" \/>\n<meta property=\"og:type\" content=\"article\" \/>\n<meta property=\"og:title\" content=\"Cours et m\u00e9thodo. BAC Philo - Philod\u00e9fi\" \/>\n<meta property=\"og:description\" content=\"Cours et m\u00e9thodologie pour le BAC philo D\u00e9couvrez notre guide et nos conseils en vid\u00e9o sur la chaine SOS Education : Comment r\u00e9diger une dissertation ? Retrouvez la vid\u00e9o Mensa PCH \u00e0 l&rsquo;adresse suivante ! Les ateliers philo en webinaire D\u00e9couvrez Descartes et Freud en webinaire avec Canop\u00e9 (17 novembre [&hellip;]\" \/>\n<meta property=\"og:url\" content=\"https:\/\/www.philodefi.fr\/index.php\/espace-pedagogique\/cours-et-methodo-bac-philo\/\" \/>\n<meta property=\"og:site_name\" content=\"Philod\u00e9fi\" \/>\n<meta property=\"article:publisher\" content=\"https:\/\/fr-fr.facebook.com\/Philodefi\/\" \/>\n<meta property=\"article:modified_time\" content=\"2022-02-08T14:50:37+00:00\" \/>\n<meta property=\"og:image\" content=\"https:\/\/www.philodefi.fr\/wp-content\/uploads\/2018\/10\/memoriser_draft.jpg\" \/>\n\t<meta property=\"og:image:width\" content=\"400\" \/>\n\t<meta property=\"og:image:height\" content=\"400\" \/>\n\t<meta property=\"og:image:type\" content=\"image\/jpeg\" \/>\n<meta name=\"twitter:card\" content=\"summary_large_image\" \/>\n<meta name=\"twitter:label1\" content=\"Dur\u00e9e de lecture estim\u00e9e\" \/>\n\t<meta name=\"twitter:data1\" content=\"1 minute\" \/>\n<script type=\"application\/ld+json\" class=\"yoast-schema-graph\">{\"@context\":\"https:\/\/schema.org\",\"@graph\":[{\"@type\":\"WebPage\",\"@id\":\"https:\/\/www.philodefi.fr\/index.php\/espace-pedagogique\/cours-et-methodo-bac-philo\/\",\"url\":\"https:\/\/www.philodefi.fr\/index.php\/espace-pedagogique\/cours-et-methodo-bac-philo\/\",\"name\":\"Cours et m\u00e9thodo. BAC Philo - Philod\u00e9fi\",\"isPartOf\":{\"@id\":\"https:\/\/www.philodefi.fr\/#website\"},\"primaryImageOfPage\":{\"@id\":\"https:\/\/www.philodefi.fr\/index.php\/espace-pedagogique\/cours-et-methodo-bac-philo\/#primaryimage\"},\"image\":{\"@id\":\"https:\/\/www.philodefi.fr\/index.php\/espace-pedagogique\/cours-et-methodo-bac-philo\/#primaryimage\"},\"thumbnailUrl\":\"https:\/\/www.philodefi.fr\/wp-content\/uploads\/2018\/10\/memoriser_draft.jpg\",\"datePublished\":\"2021-09-14T15:24:40+00:00\",\"dateModified\":\"2022-02-08T14:50:37+00:00\",\"breadcrumb\":{\"@id\":\"https:\/\/www.philodefi.fr\/index.php\/espace-pedagogique\/cours-et-methodo-bac-philo\/#breadcrumb\"},\"inLanguage\":\"fr-FR\",\"potentialAction\":[{\"@type\":\"ReadAction\",\"target\":[\"https:\/\/www.philodefi.fr\/index.php\/espace-pedagogique\/cours-et-methodo-bac-philo\/\"]}]},{\"@type\":\"ImageObject\",\"inLanguage\":\"fr-FR\",\"@id\":\"https:\/\/www.philodefi.fr\/index.php\/espace-pedagogique\/cours-et-methodo-bac-philo\/#primaryimage\",\"url\":\"https:\/\/www.philodefi.fr\/wp-content\/uploads\/2018\/10\/memoriser_draft.jpg\",\"contentUrl\":\"https:\/\/www.philodefi.fr\/wp-content\/uploads\/2018\/10\/memoriser_draft.jpg\",\"width\":400,\"height\":400},{\"@type\":\"BreadcrumbList\",\"@id\":\"https:\/\/www.philodefi.fr\/index.php\/espace-pedagogique\/cours-et-methodo-bac-philo\/#breadcrumb\",\"itemListElement\":[{\"@type\":\"ListItem\",\"position\":1,\"name\":\"Accueil\",\"item\":\"https:\/\/www.philodefi.fr\/\"},{\"@type\":\"ListItem\",\"position\":2,\"name\":\"Espace p\u00e9dagogique\",\"item\":\"https:\/\/www.philodefi.fr\/index.php\/espace-pedagogique\/\"},{\"@type\":\"ListItem\",\"position\":3,\"name\":\"Cours et m\u00e9thodo. BAC Philo\"}]},{\"@type\":\"WebSite\",\"@id\":\"https:\/\/www.philodefi.fr\/#website\",\"url\":\"https:\/\/www.philodefi.fr\/\",\"name\":\"Philod\u00e9fi\",\"description\":\"Le jeu pour apprendre la philosophie autrement\",\"publisher\":{\"@id\":\"https:\/\/www.philodefi.fr\/#organization\"},\"potentialAction\":[{\"@type\":\"SearchAction\",\"target\":{\"@type\":\"EntryPoint\",\"urlTemplate\":\"https:\/\/www.philodefi.fr\/?s={search_term_string}\"},\"query-input\":{\"@type\":\"PropertyValueSpecification\",\"valueRequired\":true,\"valueName\":\"search_term_string\"}}],\"inLanguage\":\"fr-FR\"},{\"@type\":\"Organization\",\"@id\":\"https:\/\/www.philodefi.fr\/#organization\",\"name\":\"Philod\u00e9fi\",\"url\":\"https:\/\/www.philodefi.fr\/\",\"logo\":{\"@type\":\"ImageObject\",\"inLanguage\":\"fr-FR\",\"@id\":\"https:\/\/www.philodefi.fr\/#\/schema\/logo\/image\/\",\"url\":\"https:\/\/www.philodefi.fr\/wp-content\/uploads\/2018\/10\/logo_philodefi-1.png\",\"contentUrl\":\"https:\/\/www.philodefi.fr\/wp-content\/uploads\/2018\/10\/logo_philodefi-1.png\",\"width\":678,\"height\":222,\"caption\":\"Philod\u00e9fi\"},\"image\":{\"@id\":\"https:\/\/www.philodefi.fr\/#\/schema\/logo\/image\/\"},\"sameAs\":[\"https:\/\/fr-fr.facebook.com\/Philodefi\/\",\"https:\/\/www.youtube.com\/channel\/UC_3N0HKscicsk2AIa0fP-tg\"]}]}<\/script>\n<!-- \/ Yoast SEO plugin. -->","yoast_head_json":{"title":"Cours et m\u00e9thodo. BAC Philo - Philod\u00e9fi","robots":{"index":"index","follow":"follow","max-snippet":"max-snippet:-1","max-image-preview":"max-image-preview:large","max-video-preview":"max-video-preview:-1"},"canonical":"https:\/\/www.philodefi.fr\/index.php\/espace-pedagogique\/cours-et-methodo-bac-philo\/","og_locale":"fr_FR","og_type":"article","og_title":"Cours et m\u00e9thodo. BAC Philo - Philod\u00e9fi","og_description":"Cours et m\u00e9thodologie pour le BAC philo D\u00e9couvrez notre guide et nos conseils en vid\u00e9o sur la chaine SOS Education : Comment r\u00e9diger une dissertation ? Retrouvez la vid\u00e9o Mensa PCH \u00e0 l&rsquo;adresse suivante ! Les ateliers philo en webinaire D\u00e9couvrez Descartes et Freud en webinaire avec Canop\u00e9 (17 novembre [&hellip;]","og_url":"https:\/\/www.philodefi.fr\/index.php\/espace-pedagogique\/cours-et-methodo-bac-philo\/","og_site_name":"Philod\u00e9fi","article_publisher":"https:\/\/fr-fr.facebook.com\/Philodefi\/","article_modified_time":"2022-02-08T14:50:37+00:00","og_image":[{"width":400,"height":400,"url":"https:\/\/www.philodefi.fr\/wp-content\/uploads\/2018\/10\/memoriser_draft.jpg","type":"image\/jpeg"}],"twitter_card":"summary_large_image","twitter_misc":{"Dur\u00e9e de lecture estim\u00e9e":"1 minute"},"schema":{"@context":"https:\/\/schema.org","@graph":[{"@type":"WebPage","@id":"https:\/\/www.philodefi.fr\/index.php\/espace-pedagogique\/cours-et-methodo-bac-philo\/","url":"https:\/\/www.philodefi.fr\/index.php\/espace-pedagogique\/cours-et-methodo-bac-philo\/","name":"Cours et m\u00e9thodo. BAC Philo - Philod\u00e9fi","isPartOf":{"@id":"https:\/\/www.philodefi.fr\/#website"},"primaryImageOfPage":{"@id":"https:\/\/www.philodefi.fr\/index.php\/espace-pedagogique\/cours-et-methodo-bac-philo\/#primaryimage"},"image":{"@id":"https:\/\/www.philodefi.fr\/index.php\/espace-pedagogique\/cours-et-methodo-bac-philo\/#primaryimage"},"thumbnailUrl":"https:\/\/www.philodefi.fr\/wp-content\/uploads\/2018\/10\/memoriser_draft.jpg","datePublished":"2021-09-14T15:24:40+00:00","dateModified":"2022-02-08T14:50:37+00:00","breadcrumb":{"@id":"https:\/\/www.philodefi.fr\/index.php\/espace-pedagogique\/cours-et-methodo-bac-philo\/#breadcrumb"},"inLanguage":"fr-FR","potentialAction":[{"@type":"ReadAction","target":["https:\/\/www.philodefi.fr\/index.php\/espace-pedagogique\/cours-et-methodo-bac-philo\/"]}]},{"@type":"ImageObject","inLanguage":"fr-FR","@id":"https:\/\/www.philodefi.fr\/index.php\/espace-pedagogique\/cours-et-methodo-bac-philo\/#primaryimage","url":"https:\/\/www.philodefi.fr\/wp-content\/uploads\/2018\/10\/memoriser_draft.jpg","contentUrl":"https:\/\/www.philodefi.fr\/wp-content\/uploads\/2018\/10\/memoriser_draft.jpg","width":400,"height":400},{"@type":"BreadcrumbList","@id":"https:\/\/www.philodefi.fr\/index.php\/espace-pedagogique\/cours-et-methodo-bac-philo\/#breadcrumb","itemListElement":[{"@type":"ListItem","position":1,"name":"Accueil","item":"https:\/\/www.philodefi.fr\/"},{"@type":"ListItem","position":2,"name":"Espace p\u00e9dagogique","item":"https:\/\/www.philodefi.fr\/index.php\/espace-pedagogique\/"},{"@type":"ListItem","position":3,"name":"Cours et m\u00e9thodo. BAC Philo"}]},{"@type":"WebSite","@id":"https:\/\/www.philodefi.fr\/#website","url":"https:\/\/www.philodefi.fr\/","name":"Philod\u00e9fi","description":"Le jeu pour apprendre la philosophie autrement","publisher":{"@id":"https:\/\/www.philodefi.fr\/#organization"},"potentialAction":[{"@type":"SearchAction","target":{"@type":"EntryPoint","urlTemplate":"https:\/\/www.philodefi.fr\/?s={search_term_string}"},"query-input":{"@type":"PropertyValueSpecification","valueRequired":true,"valueName":"search_term_string"}}],"inLanguage":"fr-FR"},{"@type":"Organization","@id":"https:\/\/www.philodefi.fr\/#organization","name":"Philod\u00e9fi","url":"https:\/\/www.philodefi.fr\/","logo":{"@type":"ImageObject","inLanguage":"fr-FR","@id":"https:\/\/www.philodefi.fr\/#\/schema\/logo\/image\/","url":"https:\/\/www.philodefi.fr\/wp-content\/uploads\/2018\/10\/logo_philodefi-1.png","contentUrl":"https:\/\/www.philodefi.fr\/wp-content\/uploads\/2018\/10\/logo_philodefi-1.png","width":678,"height":222,"caption":"Philod\u00e9fi"},"image":{"@id":"https:\/\/www.philodefi.fr\/#\/schema\/logo\/image\/"},"sameAs":["https:\/\/fr-fr.facebook.com\/Philodefi\/","https:\/\/www.youtube.com\/channel\/UC_3N0HKscicsk2AIa0fP-tg"]}]}},"jetpack_sharing_enabled":true,"jetpack_shortlink":"https:\/\/wp.me\/PavdZ1-1Cx","_links":{"self":[{"href":"https:\/\/www.philodefi.fr\/index.php\/wp-json\/wp\/v2\/pages\/6233","targetHints":{"allow":["GET"]}}],"collection":[{"href":"https:\/\/www.philodefi.fr\/index.php\/wp-json\/wp\/v2\/pages"}],"about":[{"href":"https:\/\/www.philodefi.fr\/index.php\/wp-json\/wp\/v2\/types\/page"}],"author":[{"embeddable":true,"href":"https:\/\/www.philodefi.fr\/index.php\/wp-json\/wp\/v2\/users\/1"}],"replies":[{"embeddable":true,"href":"https:\/\/www.philodefi.fr\/index.php\/wp-json\/wp\/v2\/comments?post=6233"}],"version-history":[{"count":0,"href":"https:\/\/www.philodefi.fr\/index.php\/wp-json\/wp\/v2\/pages\/6233\/revisions"}],"up":[{"embeddable":true,"href":"https:\/\/www.philodefi.fr\/index.php\/wp-json\/wp\/v2\/pages\/3181"}],"wp:featuredmedia":[{"embeddable":true,"href":"https:\/\/www.philodefi.fr\/index.php\/wp-json\/wp\/v2\/media\/71"}],"wp:attachment":[{"href":"https:\/\/www.philodefi.fr\/index.php\/wp-json\/wp\/v2\/media?parent=6233"}],"curies":[{"name":"wp","href":"https:\/\/api.w.org\/{rel}","templated":true}]}}