{"id":3199,"date":"2019-10-23T15:44:38","date_gmt":"2019-10-23T13:44:38","guid":{"rendered":"https:\/\/www.philodefi.fr\/?page_id=3199"},"modified":"2021-08-05T17:02:45","modified_gmt":"2021-08-05T15:02:45","slug":"outils-pedagogiques","status":"publish","type":"page","link":"https:\/\/www.philodefi.fr\/index.php\/espace-pedagogique\/outils-pedagogiques\/","title":{"rendered":"Outils p\u00e9dagogiques"},"content":{"rendered":"<h2>Outils p\u00e9dagogiques<\/h2>\n<p>En compl\u00e9ment du jeu, voici les supports sur lesquels je m&rsquo;appuie pour les formations :<\/p>\n<h3><span style=\"color: #ff0000;\">Nouveau:<\/span> Les cartes ateliers philo<\/h3>\n<p>Pour animer des ateliers philo, \u00e0 partir de 7 ans.<\/p>\n<p>Il y a 13 cartes, en couleur, au format A4. Au recto :3 grands th\u00e8mes en lien avec la pens\u00e9e de l&rsquo;auteur. Au verso : 9 questions pour animer la discussion.<\/p>\n<p><img loading=\"lazy\" decoding=\"async\" src=\"https:\/\/www.philodefi.fr\/wp-content\/uploads\/2021\/08\/montage_ateliers_descartes.jpg\" alt=\"\" class=\"alignnone wp-image-6098 size-full\" width=\"500\" height=\"217\" srcset=\"https:\/\/www.philodefi.fr\/wp-content\/uploads\/2021\/08\/montage_ateliers_descartes.jpg 500w, https:\/\/www.philodefi.fr\/wp-content\/uploads\/2021\/08\/montage_ateliers_descartes-300x130.jpg 300w\" sizes=\"auto, (max-width: 500px) 100vw, 500px\" \/><\/p>\n<blockquote><p>Carte \u00ab\u00a0Descartes\u00a0\u00bb pour l&rsquo;atelier philo<\/p><\/blockquote>\n<p><span>La treizi\u00e8me carte propose une d\u00e9marche pour l&rsquo;animation de l&rsquo;atelier philo.<\/span><\/p>\n<p><img loading=\"lazy\" decoding=\"async\" src=\"https:\/\/www.philodefi.fr\/wp-content\/uploads\/2021\/08\/montage_ateliers_animateur.jpg\" alt=\"\" class=\"alignnone wp-image-6099 size-full\" width=\"500\" height=\"217\" srcset=\"https:\/\/www.philodefi.fr\/wp-content\/uploads\/2021\/08\/montage_ateliers_animateur.jpg 500w, https:\/\/www.philodefi.fr\/wp-content\/uploads\/2021\/08\/montage_ateliers_animateur-300x130.jpg 300w\" sizes=\"auto, (max-width: 500px) 100vw, 500px\" \/><\/p>\n<blockquote><p>Carte animateur pour l&rsquo;atelier philo<\/p><\/blockquote>\n<p><span>Les supports \u00ab\u00a0ateliers de philo\u00a0\u00bb sont maintenant disponibles \u00e0 la commande !<br \/>\n<\/span><br \/>\n<a class=\"btn btn-primary outils-pedagogiques-link\" href=\"https:\/\/www.philodefi.fr\/index.php\/boutique\/\">D\u00e9couvrir la boutique<\/a><\/p>\n<h3>Les cartes personnalisables<\/h3>\n<p><span>Il y a 12 auteurs et donc 12 cartes personnalisables\u00a0: Vous avez sur un format A4 la carte auteur, en noir et blanc. Au recto se trouve le portrait de l\u2019auteur, au verso sa carte illustr\u00e9e.<\/span><\/p>\n<blockquote><p><img loading=\"lazy\" decoding=\"async\" src=\"https:\/\/www.philodefi.fr\/wp-content\/uploads\/2019\/10\/carte_coloriage_freud_verso-216x300.jpg\" alt=\"\" class=\"alignnone wp-image-3206\" width=\"300\" height=\"416\" srcset=\"https:\/\/www.philodefi.fr\/wp-content\/uploads\/2019\/10\/carte_coloriage_freud_verso-216x300.jpg 216w, https:\/\/www.philodefi.fr\/wp-content\/uploads\/2019\/10\/carte_coloriage_freud_verso-600x833.jpg 600w, https:\/\/www.philodefi.fr\/wp-content\/uploads\/2019\/10\/carte_coloriage_freud_verso.jpg 637w\" sizes=\"auto, (max-width: 300px) 100vw, 300px\" \/><\/p>\n<p>verso de la carte \u00e0 colorier \u00ab\u00a0Freud\u00a0\u00bb<\/p><\/blockquote>\n<p><img loading=\"lazy\" decoding=\"async\" src=\"https:\/\/www.philodefi.fr\/wp-content\/uploads\/2019\/10\/carte_personnalisee_freud2-211x300.jpg\" alt=\"\" class=\"alignnone wp-image-3188\" width=\"300\" height=\"426\" srcset=\"https:\/\/www.philodefi.fr\/wp-content\/uploads\/2019\/10\/carte_personnalisee_freud2-211x300.jpg 211w, https:\/\/www.philodefi.fr\/wp-content\/uploads\/2019\/10\/carte_personnalisee_freud2.jpg 591w\" sizes=\"auto, (max-width: 300px) 100vw, 300px\" \/> \u00a0<img loading=\"lazy\" decoding=\"async\" src=\"https:\/\/www.philodefi.fr\/wp-content\/uploads\/2019\/10\/carte_personnalisee_freud1-212x300.jpg\" alt=\"\" class=\"alignnone wp-image-3187\" width=\"300\" height=\"424\" srcset=\"https:\/\/www.philodefi.fr\/wp-content\/uploads\/2019\/10\/carte_personnalisee_freud1-212x300.jpg 212w, https:\/\/www.philodefi.fr\/wp-content\/uploads\/2019\/10\/carte_personnalisee_freud1.jpg 595w\" sizes=\"auto, (max-width: 300px) 100vw, 300px\" \/><\/p>\n<blockquote><p>Cartes travaill\u00e9es par des \u00e9l\u00e8ves, merci \u00e0 Charles et Elisa !<\/p><\/blockquote>\n<p><span>Les cartes personnalisables permettent aux jeunes d\u2019\u00e9crire, de rajouter des mots voire des personnages ou des objets, de colorier ce dont il est question. <\/span><\/p>\n<p><strong><span>Nous autorisons les professeurs \u00e0 photocopier autant qu\u2019ils le souhaitent les cartes personnalisables\u00a0: il suffit donc d\u2019acheter une pochette par \u00e9tablissement<\/span><\/strong><span>.<\/span><\/p>\n<p><span>Ce support permet aussi des temps de respiration notamment pour les temps de philosophie avec les enfants.<\/span><\/p>\n<p><span>Ce support est aussi tr\u00e8s utile pour les lyc\u00e9ens qui peuvent encore mieux s\u2019approprier et m\u00e9moriser la pens\u00e9e d\u2019un auteur.<\/span><\/p>\n<p><span style=\"color: #ff0000;\">Les cartes \u00e0 personnaliser sont maintenant disponibles \u00e0 la commande !<br \/>\n<\/span><br \/>\n<a class=\"btn btn-primary outils-pedagogiques-link\" href=\"https:\/\/www.philodefi.fr\/index.php\/boutique\/\">D\u00e9couvrir la boutique<\/a><\/p>\n<h3>Les posters A3<\/h3>\n<p><span>Il y a 12 auteurs, donc 12 posters format A3. Au recto se trouve le portrait de l\u2019auteur, au verso sa carte illustr\u00e9e. Le poster est en couleur. C\u2019est le strict agrandissement de la carte de jeu.<\/span><\/p>\n<p><span>\u00a0<\/span><\/p>\n<blockquote><p><img loading=\"lazy\" decoding=\"async\" src=\"https:\/\/www.philodefi.fr\/wp-content\/uploads\/2019\/10\/montage_poster_couleur-300x213.jpg\" alt=\"\" class=\"alignnone wp-image-3213\" width=\"600\" height=\"425\" srcset=\"https:\/\/www.philodefi.fr\/wp-content\/uploads\/2019\/10\/montage_poster_couleur-300x213.jpg 300w, https:\/\/www.philodefi.fr\/wp-content\/uploads\/2019\/10\/montage_poster_couleur-768x544.jpg 768w, https:\/\/www.philodefi.fr\/wp-content\/uploads\/2019\/10\/montage_poster_couleur-600x425.jpg 600w, https:\/\/www.philodefi.fr\/wp-content\/uploads\/2019\/10\/montage_poster_couleur.jpg 985w\" sizes=\"auto, (max-width: 600px) 100vw, 600px\" \/><\/p>\n<p>Poster \u00ab\u00a0Descartes\u00a0\u00bb, recto\/verso format A3, sur papier renforc\u00e9<\/p><\/blockquote>\n<p><span>\u00a0<\/span><\/p>\n<p><span>Pour des facilit\u00e9s d\u2019exp\u00e9dition, le document ne sera pas plastifi\u00e9 et sera exp\u00e9di\u00e9 dans un tube.<\/span><\/p>\n<p><span style=\"color: #ff0000;\">Les posters sont maintenant disponibles \u00e0 la commande !<br \/>\n<\/span><br \/>\n<a class=\"btn btn-primary outils-pedagogiques-link\" href=\"https:\/\/www.philodefi.fr\/index.php\/boutique\/\">D\u00e9couvrir la boutique<\/a><\/p>\n<p>&nbsp;<\/p>\n","protected":false},"excerpt":{"rendered":"<p>Outils p\u00e9dagogiques En compl\u00e9ment du jeu, voici les supports sur lesquels je m&rsquo;appuie pour les formations : Nouveau: Les cartes ateliers philo Pour animer des ateliers philo, \u00e0 partir de 7 ans. Il y a 13 cartes, en couleur, au format A4. Au recto :3 grands th\u00e8mes en lien avec [&hellip;]<\/p>\n","protected":false},"author":1,"featured_media":0,"parent":3181,"menu_order":0,"comment_status":"closed","ping_status":"closed","template":"","meta":{"jetpack_post_was_ever_published":false,"footnotes":""},"class_list":["post-3199","page","type-page","status-publish","hentry"],"yoast_head":"<!-- This site is optimized with the Yoast SEO plugin v24.0 - https:\/\/yoast.com\/wordpress\/plugins\/seo\/ -->\n<title>Outils p\u00e9dagogiques - Philod\u00e9fi<\/title>\n<meta name=\"robots\" content=\"index, follow, max-snippet:-1, max-image-preview:large, max-video-preview:-1\" \/>\n<link rel=\"canonical\" href=\"https:\/\/www.philodefi.fr\/index.php\/espace-pedagogique\/outils-pedagogiques\/\" \/>\n<meta property=\"og:locale\" content=\"fr_FR\" \/>\n<meta property=\"og:type\" content=\"article\" \/>\n<meta property=\"og:title\" content=\"Outils p\u00e9dagogiques - Philod\u00e9fi\" \/>\n<meta property=\"og:description\" content=\"Outils p\u00e9dagogiques En compl\u00e9ment du jeu, voici les supports sur lesquels je m&rsquo;appuie pour les formations : Nouveau: Les cartes ateliers philo Pour animer des ateliers philo, \u00e0 partir de 7 ans. Il y a 13 cartes, en couleur, au format A4. Au recto :3 grands th\u00e8mes en lien avec [&hellip;]\" \/>\n<meta property=\"og:url\" content=\"https:\/\/www.philodefi.fr\/index.php\/espace-pedagogique\/outils-pedagogiques\/\" \/>\n<meta property=\"og:site_name\" content=\"Philod\u00e9fi\" \/>\n<meta property=\"article:publisher\" content=\"https:\/\/fr-fr.facebook.com\/Philodefi\/\" \/>\n<meta property=\"article:modified_time\" content=\"2021-08-05T15:02:45+00:00\" \/>\n<meta property=\"og:image\" content=\"https:\/\/www.philodefi.fr\/wp-content\/uploads\/2021\/08\/montage_ateliers_descartes.jpg\" \/>\n<meta name=\"twitter:card\" content=\"summary_large_image\" \/>\n<meta name=\"twitter:label1\" content=\"Dur\u00e9e de lecture estim\u00e9e\" \/>\n\t<meta name=\"twitter:data1\" content=\"3 minutes\" \/>\n<script type=\"application\/ld+json\" class=\"yoast-schema-graph\">{\"@context\":\"https:\/\/schema.org\",\"@graph\":[{\"@type\":\"WebPage\",\"@id\":\"https:\/\/www.philodefi.fr\/index.php\/espace-pedagogique\/outils-pedagogiques\/\",\"url\":\"https:\/\/www.philodefi.fr\/index.php\/espace-pedagogique\/outils-pedagogiques\/\",\"name\":\"Outils p\u00e9dagogiques - Philod\u00e9fi\",\"isPartOf\":{\"@id\":\"https:\/\/www.philodefi.fr\/#website\"},\"primaryImageOfPage\":{\"@id\":\"https:\/\/www.philodefi.fr\/index.php\/espace-pedagogique\/outils-pedagogiques\/#primaryimage\"},\"image\":{\"@id\":\"https:\/\/www.philodefi.fr\/index.php\/espace-pedagogique\/outils-pedagogiques\/#primaryimage\"},\"thumbnailUrl\":\"https:\/\/www.philodefi.fr\/wp-content\/uploads\/2021\/08\/montage_ateliers_descartes.jpg\",\"datePublished\":\"2019-10-23T13:44:38+00:00\",\"dateModified\":\"2021-08-05T15:02:45+00:00\",\"breadcrumb\":{\"@id\":\"https:\/\/www.philodefi.fr\/index.php\/espace-pedagogique\/outils-pedagogiques\/#breadcrumb\"},\"inLanguage\":\"fr-FR\",\"potentialAction\":[{\"@type\":\"ReadAction\",\"target\":[\"https:\/\/www.philodefi.fr\/index.php\/espace-pedagogique\/outils-pedagogiques\/\"]}]},{\"@type\":\"ImageObject\",\"inLanguage\":\"fr-FR\",\"@id\":\"https:\/\/www.philodefi.fr\/index.php\/espace-pedagogique\/outils-pedagogiques\/#primaryimage\",\"url\":\"https:\/\/www.philodefi.fr\/wp-content\/uploads\/2021\/08\/montage_ateliers_descartes.jpg\",\"contentUrl\":\"https:\/\/www.philodefi.fr\/wp-content\/uploads\/2021\/08\/montage_ateliers_descartes.jpg\",\"width\":500,\"height\":217},{\"@type\":\"BreadcrumbList\",\"@id\":\"https:\/\/www.philodefi.fr\/index.php\/espace-pedagogique\/outils-pedagogiques\/#breadcrumb\",\"itemListElement\":[{\"@type\":\"ListItem\",\"position\":1,\"name\":\"Accueil\",\"item\":\"https:\/\/www.philodefi.fr\/\"},{\"@type\":\"ListItem\",\"position\":2,\"name\":\"Espace p\u00e9dagogique\",\"item\":\"https:\/\/www.philodefi.fr\/index.php\/espace-pedagogique\/\"},{\"@type\":\"ListItem\",\"position\":3,\"name\":\"Outils p\u00e9dagogiques\"}]},{\"@type\":\"WebSite\",\"@id\":\"https:\/\/www.philodefi.fr\/#website\",\"url\":\"https:\/\/www.philodefi.fr\/\",\"name\":\"Philod\u00e9fi\",\"description\":\"Le jeu pour apprendre la philosophie autrement\",\"publisher\":{\"@id\":\"https:\/\/www.philodefi.fr\/#organization\"},\"potentialAction\":[{\"@type\":\"SearchAction\",\"target\":{\"@type\":\"EntryPoint\",\"urlTemplate\":\"https:\/\/www.philodefi.fr\/?s={search_term_string}\"},\"query-input\":{\"@type\":\"PropertyValueSpecification\",\"valueRequired\":true,\"valueName\":\"search_term_string\"}}],\"inLanguage\":\"fr-FR\"},{\"@type\":\"Organization\",\"@id\":\"https:\/\/www.philodefi.fr\/#organization\",\"name\":\"Philod\u00e9fi\",\"url\":\"https:\/\/www.philodefi.fr\/\",\"logo\":{\"@type\":\"ImageObject\",\"inLanguage\":\"fr-FR\",\"@id\":\"https:\/\/www.philodefi.fr\/#\/schema\/logo\/image\/\",\"url\":\"https:\/\/www.philodefi.fr\/wp-content\/uploads\/2018\/10\/logo_philodefi-1.png\",\"contentUrl\":\"https:\/\/www.philodefi.fr\/wp-content\/uploads\/2018\/10\/logo_philodefi-1.png\",\"width\":678,\"height\":222,\"caption\":\"Philod\u00e9fi\"},\"image\":{\"@id\":\"https:\/\/www.philodefi.fr\/#\/schema\/logo\/image\/\"},\"sameAs\":[\"https:\/\/fr-fr.facebook.com\/Philodefi\/\",\"https:\/\/www.youtube.com\/channel\/UC_3N0HKscicsk2AIa0fP-tg\"]}]}<\/script>\n<!-- \/ Yoast SEO plugin. -->","yoast_head_json":{"title":"Outils p\u00e9dagogiques - Philod\u00e9fi","robots":{"index":"index","follow":"follow","max-snippet":"max-snippet:-1","max-image-preview":"max-image-preview:large","max-video-preview":"max-video-preview:-1"},"canonical":"https:\/\/www.philodefi.fr\/index.php\/espace-pedagogique\/outils-pedagogiques\/","og_locale":"fr_FR","og_type":"article","og_title":"Outils p\u00e9dagogiques - Philod\u00e9fi","og_description":"Outils p\u00e9dagogiques En compl\u00e9ment du jeu, voici les supports sur lesquels je m&rsquo;appuie pour les formations : Nouveau: Les cartes ateliers philo Pour animer des ateliers philo, \u00e0 partir de 7 ans. Il y a 13 cartes, en couleur, au format A4. Au recto :3 grands th\u00e8mes en lien avec [&hellip;]","og_url":"https:\/\/www.philodefi.fr\/index.php\/espace-pedagogique\/outils-pedagogiques\/","og_site_name":"Philod\u00e9fi","article_publisher":"https:\/\/fr-fr.facebook.com\/Philodefi\/","article_modified_time":"2021-08-05T15:02:45+00:00","og_image":[{"url":"https:\/\/www.philodefi.fr\/wp-content\/uploads\/2021\/08\/montage_ateliers_descartes.jpg","type":"","width":"","height":""}],"twitter_card":"summary_large_image","twitter_misc":{"Dur\u00e9e de lecture estim\u00e9e":"3 minutes"},"schema":{"@context":"https:\/\/schema.org","@graph":[{"@type":"WebPage","@id":"https:\/\/www.philodefi.fr\/index.php\/espace-pedagogique\/outils-pedagogiques\/","url":"https:\/\/www.philodefi.fr\/index.php\/espace-pedagogique\/outils-pedagogiques\/","name":"Outils p\u00e9dagogiques - Philod\u00e9fi","isPartOf":{"@id":"https:\/\/www.philodefi.fr\/#website"},"primaryImageOfPage":{"@id":"https:\/\/www.philodefi.fr\/index.php\/espace-pedagogique\/outils-pedagogiques\/#primaryimage"},"image":{"@id":"https:\/\/www.philodefi.fr\/index.php\/espace-pedagogique\/outils-pedagogiques\/#primaryimage"},"thumbnailUrl":"https:\/\/www.philodefi.fr\/wp-content\/uploads\/2021\/08\/montage_ateliers_descartes.jpg","datePublished":"2019-10-23T13:44:38+00:00","dateModified":"2021-08-05T15:02:45+00:00","breadcrumb":{"@id":"https:\/\/www.philodefi.fr\/index.php\/espace-pedagogique\/outils-pedagogiques\/#breadcrumb"},"inLanguage":"fr-FR","potentialAction":[{"@type":"ReadAction","target":["https:\/\/www.philodefi.fr\/index.php\/espace-pedagogique\/outils-pedagogiques\/"]}]},{"@type":"ImageObject","inLanguage":"fr-FR","@id":"https:\/\/www.philodefi.fr\/index.php\/espace-pedagogique\/outils-pedagogiques\/#primaryimage","url":"https:\/\/www.philodefi.fr\/wp-content\/uploads\/2021\/08\/montage_ateliers_descartes.jpg","contentUrl":"https:\/\/www.philodefi.fr\/wp-content\/uploads\/2021\/08\/montage_ateliers_descartes.jpg","width":500,"height":217},{"@type":"BreadcrumbList","@id":"https:\/\/www.philodefi.fr\/index.php\/espace-pedagogique\/outils-pedagogiques\/#breadcrumb","itemListElement":[{"@type":"ListItem","position":1,"name":"Accueil","item":"https:\/\/www.philodefi.fr\/"},{"@type":"ListItem","position":2,"name":"Espace p\u00e9dagogique","item":"https:\/\/www.philodefi.fr\/index.php\/espace-pedagogique\/"},{"@type":"ListItem","position":3,"name":"Outils p\u00e9dagogiques"}]},{"@type":"WebSite","@id":"https:\/\/www.philodefi.fr\/#website","url":"https:\/\/www.philodefi.fr\/","name":"Philod\u00e9fi","description":"Le jeu pour apprendre la philosophie autrement","publisher":{"@id":"https:\/\/www.philodefi.fr\/#organization"},"potentialAction":[{"@type":"SearchAction","target":{"@type":"EntryPoint","urlTemplate":"https:\/\/www.philodefi.fr\/?s={search_term_string}"},"query-input":{"@type":"PropertyValueSpecification","valueRequired":true,"valueName":"search_term_string"}}],"inLanguage":"fr-FR"},{"@type":"Organization","@id":"https:\/\/www.philodefi.fr\/#organization","name":"Philod\u00e9fi","url":"https:\/\/www.philodefi.fr\/","logo":{"@type":"ImageObject","inLanguage":"fr-FR","@id":"https:\/\/www.philodefi.fr\/#\/schema\/logo\/image\/","url":"https:\/\/www.philodefi.fr\/wp-content\/uploads\/2018\/10\/logo_philodefi-1.png","contentUrl":"https:\/\/www.philodefi.fr\/wp-content\/uploads\/2018\/10\/logo_philodefi-1.png","width":678,"height":222,"caption":"Philod\u00e9fi"},"image":{"@id":"https:\/\/www.philodefi.fr\/#\/schema\/logo\/image\/"},"sameAs":["https:\/\/fr-fr.facebook.com\/Philodefi\/","https:\/\/www.youtube.com\/channel\/UC_3N0HKscicsk2AIa0fP-tg"]}]}},"jetpack_sharing_enabled":true,"jetpack_shortlink":"https:\/\/wp.me\/PavdZ1-PB","_links":{"self":[{"href":"https:\/\/www.philodefi.fr\/index.php\/wp-json\/wp\/v2\/pages\/3199","targetHints":{"allow":["GET"]}}],"collection":[{"href":"https:\/\/www.philodefi.fr\/index.php\/wp-json\/wp\/v2\/pages"}],"about":[{"href":"https:\/\/www.philodefi.fr\/index.php\/wp-json\/wp\/v2\/types\/page"}],"author":[{"embeddable":true,"href":"https:\/\/www.philodefi.fr\/index.php\/wp-json\/wp\/v2\/users\/1"}],"replies":[{"embeddable":true,"href":"https:\/\/www.philodefi.fr\/index.php\/wp-json\/wp\/v2\/comments?post=3199"}],"version-history":[{"count":0,"href":"https:\/\/www.philodefi.fr\/index.php\/wp-json\/wp\/v2\/pages\/3199\/revisions"}],"up":[{"embeddable":true,"href":"https:\/\/www.philodefi.fr\/index.php\/wp-json\/wp\/v2\/pages\/3181"}],"wp:attachment":[{"href":"https:\/\/www.philodefi.fr\/index.php\/wp-json\/wp\/v2\/media?parent=3199"}],"curies":[{"name":"wp","href":"https:\/\/api.w.org\/{rel}","templated":true}]}}