{"id":3194,"date":"2019-10-23T15:41:38","date_gmt":"2019-10-23T13:41:38","guid":{"rendered":"https:\/\/www.philodefi.fr\/?page_id=3194"},"modified":"2019-10-23T15:43:09","modified_gmt":"2019-10-23T13:43:09","slug":"philodefi-au-college","status":"publish","type":"page","link":"https:\/\/www.philodefi.fr\/index.php\/espace-pedagogique\/philodefi-au-college\/","title":{"rendered":"Philod\u00e9fi au coll\u00e8ge"},"content":{"rendered":"<h2>Philod\u00e9fi au coll\u00e8ge<\/h2>\n<p><span>On peut envisager au moins deux grands axes\u00a0:<\/span><\/p>\n<p><span>\u00a0<\/span><\/p>\n<h4><span>1\/ Organiser des ateliers philo avec des volontaires (de m\u00eame qu\u2019il y a des activit\u00e9s comme la chorale, le sport, le club informatique) et un animateur.<\/span><\/h4>\n<p><span>\u00a0<\/span><span>\u00a0On suivra la progression du jeu\u00a0: <\/span><\/p>\n<ul>\n<li><span>Choix d\u2019un philosophe, <\/span><\/li>\n<li><span>puis jeu <em>Phil\u2019Observation<\/em>, <\/span><\/li>\n<li><span>ensuite <em>Galaxie Philosophique<\/em>. <\/span><\/li>\n<\/ul>\n<p><span>Le petit nombre de coll\u00e9giens (une dizaine) favorise l\u2019entr\u00e9e dans les jeux et la discussion. Au fil des s\u00e9ances, les \u00e9l\u00e8ves explorent de nouveaux philosophes, v\u00e9rifient leur m\u00e9morisation des pr\u00e9c\u00e9dents auteurs. <\/span><\/p>\n<ul>\n<li><span>Les \u00e9l\u00e8ves pourront affiner leur m\u00e9morisation des auteurs et des notions associ\u00e9es an jouant \u00e0 l\u2019\u00e9quivalent de \u00ab\u00a0Questions pour un champion\u00a0\u00bb, du \u00ab\u00a0Kem\u2019s\u00a0\u00bb ou du \u00ab\u00a0jeu des 7 familles\u00a0\u00bb qui correspondent \u00e0 des m\u00e9caniques de jeu simples, qu\u2019ils connaissent d\u00e9j\u00e0.<\/span><\/li>\n<li><span>Au bout de 2 s\u00e9ances, on peut leur proposer de jouer \u00e0 l\u2019<em>incarnation philosophique <\/em>en choisissant une question type Bac \u00a0auxquels r\u00e9pondent les philosophes qu\u2019ils ont abord\u00e9s.<\/span><\/li>\n<\/ul>\n<p><span>\u00a0<\/span><\/p>\n<p>Retrouvez les diff\u00e9rents jeux en vid\u00e9o !<\/p>\n<p><iframe loading=\"lazy\" title=\"Philod\u00e9fi - Phil&#039;Observation (Jeu 1)\" width=\"750\" height=\"422\" src=\"https:\/\/www.youtube.com\/embed\/1ET0u47NEb8?list=PLBxGfCEEgC-OdZV6daJqa4P3p_Jo__1Yy\" frameborder=\"0\" allow=\"accelerometer; autoplay; clipboard-write; encrypted-media; gyroscope; picture-in-picture; web-share\" referrerpolicy=\"strict-origin-when-cross-origin\" allowfullscreen><\/iframe><\/p>\n<p>&nbsp;<\/p>\n<h4><span>2\/ Mener une discussion philosophique, en classe enti\u00e8re ou avec un petit groupe, mais en approfondissant la r\u00e9flexion. <\/span><\/h4>\n<p><span>On suivra la m\u00eame d\u00e9marche que pour <a href=\"https:\/\/www.philodefi.fr\/index.php\/espace-pedagogique\/philosopher-avec-les-enfants\/\">\u00ab philosopher avec les enfants \u00bb<\/a><\/span><\/p>\n","protected":false},"excerpt":{"rendered":"<p>Philod\u00e9fi au coll\u00e8ge On peut envisager au moins deux grands axes\u00a0: \u00a0 1\/ Organiser des ateliers philo avec des volontaires (de m\u00eame qu\u2019il y a des activit\u00e9s comme la chorale, le sport, le club informatique) et un animateur. \u00a0\u00a0On suivra la progression du jeu\u00a0: Choix d\u2019un philosophe, puis jeu Phil\u2019Observation, [&hellip;]<\/p>\n","protected":false},"author":1,"featured_media":0,"parent":3181,"menu_order":0,"comment_status":"closed","ping_status":"closed","template":"","meta":{"jetpack_post_was_ever_published":false,"footnotes":""},"class_list":["post-3194","page","type-page","status-publish","hentry"],"yoast_head":"<!-- This site is optimized with the Yoast SEO plugin v24.0 - https:\/\/yoast.com\/wordpress\/plugins\/seo\/ -->\n<title>Philod\u00e9fi au coll\u00e8ge - Philod\u00e9fi<\/title>\n<meta name=\"robots\" content=\"index, follow, max-snippet:-1, max-image-preview:large, max-video-preview:-1\" \/>\n<link rel=\"canonical\" href=\"https:\/\/www.philodefi.fr\/index.php\/espace-pedagogique\/philodefi-au-college\/\" \/>\n<meta property=\"og:locale\" content=\"fr_FR\" \/>\n<meta property=\"og:type\" content=\"article\" \/>\n<meta property=\"og:title\" content=\"Philod\u00e9fi au coll\u00e8ge - Philod\u00e9fi\" \/>\n<meta property=\"og:description\" content=\"Philod\u00e9fi au coll\u00e8ge On peut envisager au moins deux grands axes\u00a0: \u00a0 1\/ Organiser des ateliers philo avec des volontaires (de m\u00eame qu\u2019il y a des activit\u00e9s comme la chorale, le sport, le club informatique) et un animateur. \u00a0\u00a0On suivra la progression du jeu\u00a0: Choix d\u2019un philosophe, puis jeu Phil\u2019Observation, [&hellip;]\" \/>\n<meta property=\"og:url\" content=\"https:\/\/www.philodefi.fr\/index.php\/espace-pedagogique\/philodefi-au-college\/\" \/>\n<meta property=\"og:site_name\" content=\"Philod\u00e9fi\" \/>\n<meta property=\"article:publisher\" content=\"https:\/\/fr-fr.facebook.com\/Philodefi\/\" \/>\n<meta property=\"article:modified_time\" content=\"2019-10-23T13:43:09+00:00\" \/>\n<meta property=\"og:image\" content=\"https:\/\/www.philodefi.fr\/wp-content\/uploads\/2021\/04\/logo_boite_socials.jpg\" \/>\n\t<meta property=\"og:image:width\" content=\"1500\" \/>\n\t<meta property=\"og:image:height\" content=\"986\" \/>\n\t<meta property=\"og:image:type\" content=\"image\/jpeg\" \/>\n<meta name=\"twitter:card\" content=\"summary_large_image\" \/>\n<meta name=\"twitter:label1\" content=\"Dur\u00e9e de lecture estim\u00e9e\" \/>\n\t<meta name=\"twitter:data1\" content=\"1 minute\" \/>\n<script type=\"application\/ld+json\" class=\"yoast-schema-graph\">{\"@context\":\"https:\/\/schema.org\",\"@graph\":[{\"@type\":\"WebPage\",\"@id\":\"https:\/\/www.philodefi.fr\/index.php\/espace-pedagogique\/philodefi-au-college\/\",\"url\":\"https:\/\/www.philodefi.fr\/index.php\/espace-pedagogique\/philodefi-au-college\/\",\"name\":\"Philod\u00e9fi au coll\u00e8ge - Philod\u00e9fi\",\"isPartOf\":{\"@id\":\"https:\/\/www.philodefi.fr\/#website\"},\"datePublished\":\"2019-10-23T13:41:38+00:00\",\"dateModified\":\"2019-10-23T13:43:09+00:00\",\"breadcrumb\":{\"@id\":\"https:\/\/www.philodefi.fr\/index.php\/espace-pedagogique\/philodefi-au-college\/#breadcrumb\"},\"inLanguage\":\"fr-FR\",\"potentialAction\":[{\"@type\":\"ReadAction\",\"target\":[\"https:\/\/www.philodefi.fr\/index.php\/espace-pedagogique\/philodefi-au-college\/\"]}]},{\"@type\":\"BreadcrumbList\",\"@id\":\"https:\/\/www.philodefi.fr\/index.php\/espace-pedagogique\/philodefi-au-college\/#breadcrumb\",\"itemListElement\":[{\"@type\":\"ListItem\",\"position\":1,\"name\":\"Accueil\",\"item\":\"https:\/\/www.philodefi.fr\/\"},{\"@type\":\"ListItem\",\"position\":2,\"name\":\"Espace p\u00e9dagogique\",\"item\":\"https:\/\/www.philodefi.fr\/index.php\/espace-pedagogique\/\"},{\"@type\":\"ListItem\",\"position\":3,\"name\":\"Philod\u00e9fi au coll\u00e8ge\"}]},{\"@type\":\"WebSite\",\"@id\":\"https:\/\/www.philodefi.fr\/#website\",\"url\":\"https:\/\/www.philodefi.fr\/\",\"name\":\"Philod\u00e9fi\",\"description\":\"Le jeu pour apprendre la philosophie autrement\",\"publisher\":{\"@id\":\"https:\/\/www.philodefi.fr\/#organization\"},\"potentialAction\":[{\"@type\":\"SearchAction\",\"target\":{\"@type\":\"EntryPoint\",\"urlTemplate\":\"https:\/\/www.philodefi.fr\/?s={search_term_string}\"},\"query-input\":{\"@type\":\"PropertyValueSpecification\",\"valueRequired\":true,\"valueName\":\"search_term_string\"}}],\"inLanguage\":\"fr-FR\"},{\"@type\":\"Organization\",\"@id\":\"https:\/\/www.philodefi.fr\/#organization\",\"name\":\"Philod\u00e9fi\",\"url\":\"https:\/\/www.philodefi.fr\/\",\"logo\":{\"@type\":\"ImageObject\",\"inLanguage\":\"fr-FR\",\"@id\":\"https:\/\/www.philodefi.fr\/#\/schema\/logo\/image\/\",\"url\":\"https:\/\/www.philodefi.fr\/wp-content\/uploads\/2018\/10\/logo_philodefi-1.png\",\"contentUrl\":\"https:\/\/www.philodefi.fr\/wp-content\/uploads\/2018\/10\/logo_philodefi-1.png\",\"width\":678,\"height\":222,\"caption\":\"Philod\u00e9fi\"},\"image\":{\"@id\":\"https:\/\/www.philodefi.fr\/#\/schema\/logo\/image\/\"},\"sameAs\":[\"https:\/\/fr-fr.facebook.com\/Philodefi\/\",\"https:\/\/www.youtube.com\/channel\/UC_3N0HKscicsk2AIa0fP-tg\"]}]}<\/script>\n<!-- \/ Yoast SEO plugin. -->","yoast_head_json":{"title":"Philod\u00e9fi au coll\u00e8ge - Philod\u00e9fi","robots":{"index":"index","follow":"follow","max-snippet":"max-snippet:-1","max-image-preview":"max-image-preview:large","max-video-preview":"max-video-preview:-1"},"canonical":"https:\/\/www.philodefi.fr\/index.php\/espace-pedagogique\/philodefi-au-college\/","og_locale":"fr_FR","og_type":"article","og_title":"Philod\u00e9fi au coll\u00e8ge - Philod\u00e9fi","og_description":"Philod\u00e9fi au coll\u00e8ge On peut envisager au moins deux grands axes\u00a0: \u00a0 1\/ Organiser des ateliers philo avec des volontaires (de m\u00eame qu\u2019il y a des activit\u00e9s comme la chorale, le sport, le club informatique) et un animateur. \u00a0\u00a0On suivra la progression du jeu\u00a0: Choix d\u2019un philosophe, puis jeu Phil\u2019Observation, [&hellip;]","og_url":"https:\/\/www.philodefi.fr\/index.php\/espace-pedagogique\/philodefi-au-college\/","og_site_name":"Philod\u00e9fi","article_publisher":"https:\/\/fr-fr.facebook.com\/Philodefi\/","article_modified_time":"2019-10-23T13:43:09+00:00","og_image":[{"width":1500,"height":986,"url":"https:\/\/www.philodefi.fr\/wp-content\/uploads\/2021\/04\/logo_boite_socials.jpg","type":"image\/jpeg"}],"twitter_card":"summary_large_image","twitter_misc":{"Dur\u00e9e de lecture estim\u00e9e":"1 minute"},"schema":{"@context":"https:\/\/schema.org","@graph":[{"@type":"WebPage","@id":"https:\/\/www.philodefi.fr\/index.php\/espace-pedagogique\/philodefi-au-college\/","url":"https:\/\/www.philodefi.fr\/index.php\/espace-pedagogique\/philodefi-au-college\/","name":"Philod\u00e9fi au coll\u00e8ge - Philod\u00e9fi","isPartOf":{"@id":"https:\/\/www.philodefi.fr\/#website"},"datePublished":"2019-10-23T13:41:38+00:00","dateModified":"2019-10-23T13:43:09+00:00","breadcrumb":{"@id":"https:\/\/www.philodefi.fr\/index.php\/espace-pedagogique\/philodefi-au-college\/#breadcrumb"},"inLanguage":"fr-FR","potentialAction":[{"@type":"ReadAction","target":["https:\/\/www.philodefi.fr\/index.php\/espace-pedagogique\/philodefi-au-college\/"]}]},{"@type":"BreadcrumbList","@id":"https:\/\/www.philodefi.fr\/index.php\/espace-pedagogique\/philodefi-au-college\/#breadcrumb","itemListElement":[{"@type":"ListItem","position":1,"name":"Accueil","item":"https:\/\/www.philodefi.fr\/"},{"@type":"ListItem","position":2,"name":"Espace p\u00e9dagogique","item":"https:\/\/www.philodefi.fr\/index.php\/espace-pedagogique\/"},{"@type":"ListItem","position":3,"name":"Philod\u00e9fi au coll\u00e8ge"}]},{"@type":"WebSite","@id":"https:\/\/www.philodefi.fr\/#website","url":"https:\/\/www.philodefi.fr\/","name":"Philod\u00e9fi","description":"Le jeu pour apprendre la philosophie autrement","publisher":{"@id":"https:\/\/www.philodefi.fr\/#organization"},"potentialAction":[{"@type":"SearchAction","target":{"@type":"EntryPoint","urlTemplate":"https:\/\/www.philodefi.fr\/?s={search_term_string}"},"query-input":{"@type":"PropertyValueSpecification","valueRequired":true,"valueName":"search_term_string"}}],"inLanguage":"fr-FR"},{"@type":"Organization","@id":"https:\/\/www.philodefi.fr\/#organization","name":"Philod\u00e9fi","url":"https:\/\/www.philodefi.fr\/","logo":{"@type":"ImageObject","inLanguage":"fr-FR","@id":"https:\/\/www.philodefi.fr\/#\/schema\/logo\/image\/","url":"https:\/\/www.philodefi.fr\/wp-content\/uploads\/2018\/10\/logo_philodefi-1.png","contentUrl":"https:\/\/www.philodefi.fr\/wp-content\/uploads\/2018\/10\/logo_philodefi-1.png","width":678,"height":222,"caption":"Philod\u00e9fi"},"image":{"@id":"https:\/\/www.philodefi.fr\/#\/schema\/logo\/image\/"},"sameAs":["https:\/\/fr-fr.facebook.com\/Philodefi\/","https:\/\/www.youtube.com\/channel\/UC_3N0HKscicsk2AIa0fP-tg"]}]}},"jetpack_sharing_enabled":true,"jetpack_shortlink":"https:\/\/wp.me\/PavdZ1-Pw","_links":{"self":[{"href":"https:\/\/www.philodefi.fr\/index.php\/wp-json\/wp\/v2\/pages\/3194","targetHints":{"allow":["GET"]}}],"collection":[{"href":"https:\/\/www.philodefi.fr\/index.php\/wp-json\/wp\/v2\/pages"}],"about":[{"href":"https:\/\/www.philodefi.fr\/index.php\/wp-json\/wp\/v2\/types\/page"}],"author":[{"embeddable":true,"href":"https:\/\/www.philodefi.fr\/index.php\/wp-json\/wp\/v2\/users\/1"}],"replies":[{"embeddable":true,"href":"https:\/\/www.philodefi.fr\/index.php\/wp-json\/wp\/v2\/comments?post=3194"}],"version-history":[{"count":0,"href":"https:\/\/www.philodefi.fr\/index.php\/wp-json\/wp\/v2\/pages\/3194\/revisions"}],"up":[{"embeddable":true,"href":"https:\/\/www.philodefi.fr\/index.php\/wp-json\/wp\/v2\/pages\/3181"}],"wp:attachment":[{"href":"https:\/\/www.philodefi.fr\/index.php\/wp-json\/wp\/v2\/media?parent=3194"}],"curies":[{"name":"wp","href":"https:\/\/api.w.org\/{rel}","templated":true}]}}