{"id":3181,"date":"2019-10-23T15:13:04","date_gmt":"2019-10-23T13:13:04","guid":{"rendered":"https:\/\/www.philodefi.fr\/?page_id=3181"},"modified":"2025-02-13T10:12:47","modified_gmt":"2025-02-13T09:12:47","slug":"espace-pedagogique","status":"publish","type":"page","link":"https:\/\/www.philodefi.fr\/index.php\/espace-pedagogique\/","title":{"rendered":"Espace p\u00e9dagogique"},"content":{"rendered":"<h2>Espace p\u00e9dagogique &amp; ressources<\/h2>\n<p><a href=\"https:\/\/www.philodefi.fr\/index.php\/espace-pedagogique\/philodefi-une-innovation-pedagogique\/\">Pr\u00e9sentation g\u00e9n\u00e9rale de la p\u00e9dagogie de Philod\u00e9fi<\/a><\/p>\n<blockquote><p>D\u00e9couvrez l&rsquo;innovation propos\u00e9e par Philod\u00e9fi<\/p><\/blockquote>\n<p><a href=\"https:\/\/www.philodefi.fr\/index.php\/espace-pedagogique\/philodefi-au-lycee\/\">Philod\u00e9fi au lyc\u00e9e<\/a><\/p>\n<blockquote><p>Des pistes pour mettre en oeuvre Philod\u00e9fi pour le BAC<\/p><\/blockquote>\n<p><a href=\"https:\/\/www.philodefi.fr\/index.php\/espace-pedagogique\/atelier-philo-en-bac-pro\/\">Atelier Philo en BAC PRO<\/a><\/p>\n<blockquote><p>Un atelier d\u00e9di\u00e9 au BAC PRO<\/p><\/blockquote>\n<p><a href=\"https:\/\/www.philodefi.fr\/index.php\/espace-pedagogique\/philodefi-au-college\/\">Philod\u00e9fi au coll\u00e8ge<\/a><\/p>\n<blockquote><p>Ateliers philo bas\u00e9s sur les diff\u00e9rents jeux<\/p><\/blockquote>\n<p><a href=\"https:\/\/www.philodefi.fr\/index.php\/espace-pedagogique\/philosopher-avec-les-enfants\/\">Philosopher avec les enfants<\/a><\/p>\n<blockquote><p>Exemple de s\u00e9ance avec une classe de CM1 (inspir\u00e9e de la formation SEVE Savoir Etre et Vivre Ensemble, cr\u00e9\u00e9e par Fr\u00e9d\u00e9ric Lenoir)<\/p><\/blockquote>\n<p><a href=\"https:\/\/www.philodefi.fr\/index.php\/espace-pedagogique\/outils-pedagogiques\/\">Les outils p\u00e9dagogiques<\/a><\/p>\n<blockquote><p>Suite \u00e0 vos demandes, nous pouvons maintenant proposer les supports p\u00e9dagogiques sur le site !<\/p><\/blockquote>\n","protected":false},"excerpt":{"rendered":"<p>Espace p\u00e9dagogique &amp; ressources Pr\u00e9sentation g\u00e9n\u00e9rale de la p\u00e9dagogie de Philod\u00e9fi D\u00e9couvrez l&rsquo;innovation propos\u00e9e par Philod\u00e9fi Philod\u00e9fi au lyc\u00e9e Des pistes pour mettre en oeuvre Philod\u00e9fi pour le BAC Atelier Philo en BAC PRO Un atelier d\u00e9di\u00e9 au BAC PRO Philod\u00e9fi au coll\u00e8ge Ateliers philo bas\u00e9s sur les diff\u00e9rents jeux [&hellip;]<\/p>\n","protected":false},"author":1,"featured_media":0,"parent":0,"menu_order":0,"comment_status":"closed","ping_status":"closed","template":"","meta":{"jetpack_post_was_ever_published":false,"footnotes":""},"class_list":["post-3181","page","type-page","status-publish","hentry"],"yoast_head":"<!-- This site is optimized with the Yoast SEO plugin v24.0 - https:\/\/yoast.com\/wordpress\/plugins\/seo\/ -->\n<title>Espace p\u00e9dagogique - Philod\u00e9fi<\/title>\n<meta name=\"robots\" content=\"index, follow, max-snippet:-1, max-image-preview:large, max-video-preview:-1\" \/>\n<link rel=\"canonical\" href=\"https:\/\/www.philodefi.fr\/index.php\/espace-pedagogique\/\" \/>\n<meta property=\"og:locale\" content=\"fr_FR\" \/>\n<meta property=\"og:type\" content=\"article\" \/>\n<meta property=\"og:title\" content=\"Espace p\u00e9dagogique - Philod\u00e9fi\" \/>\n<meta property=\"og:description\" content=\"Espace p\u00e9dagogique &amp; ressources Pr\u00e9sentation g\u00e9n\u00e9rale de la p\u00e9dagogie de Philod\u00e9fi D\u00e9couvrez l&rsquo;innovation propos\u00e9e par Philod\u00e9fi Philod\u00e9fi au lyc\u00e9e Des pistes pour mettre en oeuvre Philod\u00e9fi pour le BAC Atelier Philo en BAC PRO Un atelier d\u00e9di\u00e9 au BAC PRO Philod\u00e9fi au coll\u00e8ge Ateliers philo bas\u00e9s sur les diff\u00e9rents jeux [&hellip;]\" \/>\n<meta property=\"og:url\" content=\"https:\/\/www.philodefi.fr\/index.php\/espace-pedagogique\/\" \/>\n<meta property=\"og:site_name\" content=\"Philod\u00e9fi\" \/>\n<meta property=\"article:publisher\" content=\"https:\/\/fr-fr.facebook.com\/Philodefi\/\" \/>\n<meta property=\"article:modified_time\" content=\"2025-02-13T09:12:47+00:00\" \/>\n<meta property=\"og:image\" content=\"https:\/\/www.philodefi.fr\/wp-content\/uploads\/2021\/04\/logo_boite_socials.jpg\" \/>\n\t<meta property=\"og:image:width\" content=\"1500\" \/>\n\t<meta property=\"og:image:height\" content=\"986\" \/>\n\t<meta property=\"og:image:type\" content=\"image\/jpeg\" \/>\n<meta name=\"twitter:card\" content=\"summary_large_image\" \/>\n<meta name=\"twitter:label1\" content=\"Dur\u00e9e de lecture estim\u00e9e\" \/>\n\t<meta name=\"twitter:data1\" content=\"1 minute\" \/>\n<script type=\"application\/ld+json\" class=\"yoast-schema-graph\">{\"@context\":\"https:\/\/schema.org\",\"@graph\":[{\"@type\":\"WebPage\",\"@id\":\"https:\/\/www.philodefi.fr\/index.php\/espace-pedagogique\/\",\"url\":\"https:\/\/www.philodefi.fr\/index.php\/espace-pedagogique\/\",\"name\":\"Espace p\u00e9dagogique - Philod\u00e9fi\",\"isPartOf\":{\"@id\":\"https:\/\/www.philodefi.fr\/#website\"},\"datePublished\":\"2019-10-23T13:13:04+00:00\",\"dateModified\":\"2025-02-13T09:12:47+00:00\",\"breadcrumb\":{\"@id\":\"https:\/\/www.philodefi.fr\/index.php\/espace-pedagogique\/#breadcrumb\"},\"inLanguage\":\"fr-FR\",\"potentialAction\":[{\"@type\":\"ReadAction\",\"target\":[\"https:\/\/www.philodefi.fr\/index.php\/espace-pedagogique\/\"]}]},{\"@type\":\"BreadcrumbList\",\"@id\":\"https:\/\/www.philodefi.fr\/index.php\/espace-pedagogique\/#breadcrumb\",\"itemListElement\":[{\"@type\":\"ListItem\",\"position\":1,\"name\":\"Accueil\",\"item\":\"https:\/\/www.philodefi.fr\/\"},{\"@type\":\"ListItem\",\"position\":2,\"name\":\"Espace p\u00e9dagogique\"}]},{\"@type\":\"WebSite\",\"@id\":\"https:\/\/www.philodefi.fr\/#website\",\"url\":\"https:\/\/www.philodefi.fr\/\",\"name\":\"Philod\u00e9fi\",\"description\":\"Le jeu pour apprendre la philosophie autrement\",\"publisher\":{\"@id\":\"https:\/\/www.philodefi.fr\/#organization\"},\"potentialAction\":[{\"@type\":\"SearchAction\",\"target\":{\"@type\":\"EntryPoint\",\"urlTemplate\":\"https:\/\/www.philodefi.fr\/?s={search_term_string}\"},\"query-input\":{\"@type\":\"PropertyValueSpecification\",\"valueRequired\":true,\"valueName\":\"search_term_string\"}}],\"inLanguage\":\"fr-FR\"},{\"@type\":\"Organization\",\"@id\":\"https:\/\/www.philodefi.fr\/#organization\",\"name\":\"Philod\u00e9fi\",\"url\":\"https:\/\/www.philodefi.fr\/\",\"logo\":{\"@type\":\"ImageObject\",\"inLanguage\":\"fr-FR\",\"@id\":\"https:\/\/www.philodefi.fr\/#\/schema\/logo\/image\/\",\"url\":\"https:\/\/www.philodefi.fr\/wp-content\/uploads\/2018\/10\/logo_philodefi-1.png\",\"contentUrl\":\"https:\/\/www.philodefi.fr\/wp-content\/uploads\/2018\/10\/logo_philodefi-1.png\",\"width\":678,\"height\":222,\"caption\":\"Philod\u00e9fi\"},\"image\":{\"@id\":\"https:\/\/www.philodefi.fr\/#\/schema\/logo\/image\/\"},\"sameAs\":[\"https:\/\/fr-fr.facebook.com\/Philodefi\/\",\"https:\/\/www.youtube.com\/channel\/UC_3N0HKscicsk2AIa0fP-tg\"]}]}<\/script>\n<!-- \/ Yoast SEO plugin. -->","yoast_head_json":{"title":"Espace p\u00e9dagogique - Philod\u00e9fi","robots":{"index":"index","follow":"follow","max-snippet":"max-snippet:-1","max-image-preview":"max-image-preview:large","max-video-preview":"max-video-preview:-1"},"canonical":"https:\/\/www.philodefi.fr\/index.php\/espace-pedagogique\/","og_locale":"fr_FR","og_type":"article","og_title":"Espace p\u00e9dagogique - Philod\u00e9fi","og_description":"Espace p\u00e9dagogique &amp; ressources Pr\u00e9sentation g\u00e9n\u00e9rale de la p\u00e9dagogie de Philod\u00e9fi D\u00e9couvrez l&rsquo;innovation propos\u00e9e par Philod\u00e9fi Philod\u00e9fi au lyc\u00e9e Des pistes pour mettre en oeuvre Philod\u00e9fi pour le BAC Atelier Philo en BAC PRO Un atelier d\u00e9di\u00e9 au BAC PRO Philod\u00e9fi au coll\u00e8ge Ateliers philo bas\u00e9s sur les diff\u00e9rents jeux [&hellip;]","og_url":"https:\/\/www.philodefi.fr\/index.php\/espace-pedagogique\/","og_site_name":"Philod\u00e9fi","article_publisher":"https:\/\/fr-fr.facebook.com\/Philodefi\/","article_modified_time":"2025-02-13T09:12:47+00:00","og_image":[{"width":1500,"height":986,"url":"https:\/\/www.philodefi.fr\/wp-content\/uploads\/2021\/04\/logo_boite_socials.jpg","type":"image\/jpeg"}],"twitter_card":"summary_large_image","twitter_misc":{"Dur\u00e9e de lecture estim\u00e9e":"1 minute"},"schema":{"@context":"https:\/\/schema.org","@graph":[{"@type":"WebPage","@id":"https:\/\/www.philodefi.fr\/index.php\/espace-pedagogique\/","url":"https:\/\/www.philodefi.fr\/index.php\/espace-pedagogique\/","name":"Espace p\u00e9dagogique - Philod\u00e9fi","isPartOf":{"@id":"https:\/\/www.philodefi.fr\/#website"},"datePublished":"2019-10-23T13:13:04+00:00","dateModified":"2025-02-13T09:12:47+00:00","breadcrumb":{"@id":"https:\/\/www.philodefi.fr\/index.php\/espace-pedagogique\/#breadcrumb"},"inLanguage":"fr-FR","potentialAction":[{"@type":"ReadAction","target":["https:\/\/www.philodefi.fr\/index.php\/espace-pedagogique\/"]}]},{"@type":"BreadcrumbList","@id":"https:\/\/www.philodefi.fr\/index.php\/espace-pedagogique\/#breadcrumb","itemListElement":[{"@type":"ListItem","position":1,"name":"Accueil","item":"https:\/\/www.philodefi.fr\/"},{"@type":"ListItem","position":2,"name":"Espace p\u00e9dagogique"}]},{"@type":"WebSite","@id":"https:\/\/www.philodefi.fr\/#website","url":"https:\/\/www.philodefi.fr\/","name":"Philod\u00e9fi","description":"Le jeu pour apprendre la philosophie autrement","publisher":{"@id":"https:\/\/www.philodefi.fr\/#organization"},"potentialAction":[{"@type":"SearchAction","target":{"@type":"EntryPoint","urlTemplate":"https:\/\/www.philodefi.fr\/?s={search_term_string}"},"query-input":{"@type":"PropertyValueSpecification","valueRequired":true,"valueName":"search_term_string"}}],"inLanguage":"fr-FR"},{"@type":"Organization","@id":"https:\/\/www.philodefi.fr\/#organization","name":"Philod\u00e9fi","url":"https:\/\/www.philodefi.fr\/","logo":{"@type":"ImageObject","inLanguage":"fr-FR","@id":"https:\/\/www.philodefi.fr\/#\/schema\/logo\/image\/","url":"https:\/\/www.philodefi.fr\/wp-content\/uploads\/2018\/10\/logo_philodefi-1.png","contentUrl":"https:\/\/www.philodefi.fr\/wp-content\/uploads\/2018\/10\/logo_philodefi-1.png","width":678,"height":222,"caption":"Philod\u00e9fi"},"image":{"@id":"https:\/\/www.philodefi.fr\/#\/schema\/logo\/image\/"},"sameAs":["https:\/\/fr-fr.facebook.com\/Philodefi\/","https:\/\/www.youtube.com\/channel\/UC_3N0HKscicsk2AIa0fP-tg"]}]}},"jetpack_sharing_enabled":true,"jetpack_shortlink":"https:\/\/wp.me\/PavdZ1-Pj","_links":{"self":[{"href":"https:\/\/www.philodefi.fr\/index.php\/wp-json\/wp\/v2\/pages\/3181","targetHints":{"allow":["GET"]}}],"collection":[{"href":"https:\/\/www.philodefi.fr\/index.php\/wp-json\/wp\/v2\/pages"}],"about":[{"href":"https:\/\/www.philodefi.fr\/index.php\/wp-json\/wp\/v2\/types\/page"}],"author":[{"embeddable":true,"href":"https:\/\/www.philodefi.fr\/index.php\/wp-json\/wp\/v2\/users\/1"}],"replies":[{"embeddable":true,"href":"https:\/\/www.philodefi.fr\/index.php\/wp-json\/wp\/v2\/comments?post=3181"}],"version-history":[{"count":2,"href":"https:\/\/www.philodefi.fr\/index.php\/wp-json\/wp\/v2\/pages\/3181\/revisions"}],"predecessor-version":[{"id":18608,"href":"https:\/\/www.philodefi.fr\/index.php\/wp-json\/wp\/v2\/pages\/3181\/revisions\/18608"}],"wp:attachment":[{"href":"https:\/\/www.philodefi.fr\/index.php\/wp-json\/wp\/v2\/media?parent=3181"}],"curies":[{"name":"wp","href":"https:\/\/api.w.org\/{rel}","templated":true}]}}