{"id":20310,"date":"2025-11-16T15:40:42","date_gmt":"2025-11-16T14:40:42","guid":{"rendered":"https:\/\/www.philodefi.fr\/?page_id=20310"},"modified":"2026-03-10T13:47:36","modified_gmt":"2026-03-10T12:47:36","slug":"cours-interros-et-devoirs-au-lycee-uxsc","status":"publish","type":"page","link":"https:\/\/www.philodefi.fr\/index.php\/espace-pedagogique\/cours-interros-et-devoirs-au-lycee-uxsc\/","title":{"rendered":"Cours, interros et devoirs au lyc\u00e9e UXSC"},"content":{"rendered":"<h2>Cours, interros et devoirs au lyc\u00e9e UXSC<\/h2>\n<p>Les fichiers PDFs sont t\u00e9l\u00e9chargeables ci-dessous.<\/p>\n<h3>1. La progression sur l&rsquo;ann\u00e9e<\/h3>\n<p><a href=\"\/wp-content\/uploads\/2025\/11\/rubrique-1-progression-sur-lannee.pdf\" target=\"_blank\" rel=\"noopener\">T\u00e9l\u00e9charger le PDF<\/a><\/p>\n<h3>2. Les cours<\/h3>\n<p><em>section \u00e0 venir<\/em><\/p>\n<h3>3. Les tests de connaissance<\/h3>\n<p><a href=\"https:\/\/www.philodefi.fr\/wp-content\/uploads\/2025\/11\/1-test_septembre.pdf\" target=\"_blank\" rel=\"noopener noreferrer nofollow\">Cliquer pour acc\u00e9der \u00e0 1-test_septembre.pdf<\/a><\/p>\n<p><a href=\"https:\/\/www.philodefi.fr\/wp-content\/uploads\/2025\/11\/2-test_decembre.pdf\" target=\"_blank\" rel=\"noopener noreferrer nofollow\">Cliquer pour acc\u00e9der \u00e0 2-test_decembre.pdf<\/a><\/p>\n<p><a href=\"https:\/\/www.philodefi.fr\/wp-content\/uploads\/2025\/11\/3-test_fevrier.pdf\" target=\"_blank\" rel=\"noopener noreferrer nofollow\">Cliquer pour acc\u00e9der \u00e0 3-test_fevrier.pdf<\/a><\/p>\n<p><a href=\"https:\/\/www.philodefi.fr\/wp-content\/uploads\/2025\/11\/4-tests_4_periodes.pdf\" target=\"_blank\" rel=\"noopener noreferrer nofollow\">Cliquer pour acc\u00e9der \u00e0 4-tests_4_periodes.pdf<\/a><\/p>\n<p><a href=\"https:\/\/www.philodefi.fr\/wp-content\/uploads\/2025\/11\/5-test_septembre.pdf\" target=\"_blank\" rel=\"noopener noreferrer nofollow\">Cliquer pour acc\u00e9der \u00e0 5-test_septembre.pdf<\/a><\/p>\n<p><a href=\"https:\/\/www.philodefi.fr\/wp-content\/uploads\/2025\/11\/6-test_decembre.pdf\" target=\"_blank\" rel=\"noopener noreferrer nofollow\">Cliquer pour acc\u00e9der \u00e0 6-test_decembre.pdf<\/a><\/p>\n<p><a href=\"https:\/\/www.philodefi.fr\/wp-content\/uploads\/2025\/11\/7-test_fevrier.pdf\" target=\"_blank\" rel=\"noopener noreferrer nofollow\">Cliquer pour acc\u00e9der \u00e0 7-test_fevrier.pdf<\/a><\/p>\n<p><a href=\"https:\/\/www.philodefi.fr\/wp-content\/uploads\/2025\/11\/8-test_mai.pdf\" target=\"_blank\" rel=\"noopener noreferrer nofollow\">Cliquer pour acc\u00e9der \u00e0 8-test_mai.pdf<\/a><\/p>\n<p><a href=\"https:\/\/www.philodefi.fr\/wp-content\/uploads\/2026\/01\/9-Le-test-de-novembre-2025.pdf\">Cliquer pour acc\u00e9der \u00e0 9-Le test de novembre 2025<\/a><\/p>\n<p><a href=\"https:\/\/www.philodefi.fr\/wp-content\/uploads\/2026\/01\/10-Le-test-de-connaissances-decembre-2025.pdf\">Cliquer pour acc\u00e9der \u00e0 10-Le test de connaissances &#8211; d\u00e9cembre 2025<\/a><\/p>\n<h3>4. Les devoirs surveill\u00e9s<\/h3>\n<p><a href=\"https:\/\/www.philodefi.fr\/wp-content\/uploads\/2025\/11\/rubrique-4_devoirs_2004-2025.pdf\" target=\"_blank\" rel=\"noopener noreferrer nofollow\">Cliquer pour acc\u00e9der \u00e0 rubrique-4_devoirs_2004-2025.pdf<\/a><\/p>\n<h3>5. Les corrections de devoirs<\/h3>\n<p>rubrique \u00e0 venir<\/p>\n<p>&nbsp;<\/p>\n<p>&nbsp;<\/p>\n","protected":false},"excerpt":{"rendered":"<p>Cours, interros et devoirs au lyc\u00e9e UXSC Les fichiers PDFs sont t\u00e9l\u00e9chargeables ci-dessous. 1. La progression sur l&rsquo;ann\u00e9e T\u00e9l\u00e9charger le PDF 2. Les cours section \u00e0 venir 3. Les tests de connaissance Cliquer pour acc\u00e9der \u00e0 1-test_septembre.pdf Cliquer pour acc\u00e9der \u00e0 2-test_decembre.pdf Cliquer pour acc\u00e9der \u00e0 3-test_fevrier.pdf Cliquer pour acc\u00e9der [&hellip;]<\/p>\n","protected":false},"author":1,"featured_media":0,"parent":3181,"menu_order":0,"comment_status":"closed","ping_status":"closed","template":"","meta":{"jetpack_post_was_ever_published":false,"footnotes":""},"class_list":["post-20310","page","type-page","status-publish","hentry"],"yoast_head":"<!-- This site is optimized with the Yoast SEO plugin v24.0 - https:\/\/yoast.com\/wordpress\/plugins\/seo\/ -->\n<title>Cours, interros et devoirs au lyc\u00e9e UXSC - Philod\u00e9fi<\/title>\n<meta name=\"robots\" content=\"index, follow, max-snippet:-1, max-image-preview:large, max-video-preview:-1\" \/>\n<link rel=\"canonical\" href=\"https:\/\/www.philodefi.fr\/index.php\/espace-pedagogique\/cours-interros-et-devoirs-au-lycee-uxsc\/\" \/>\n<meta property=\"og:locale\" content=\"fr_FR\" \/>\n<meta property=\"og:type\" content=\"article\" \/>\n<meta property=\"og:title\" content=\"Cours, interros et devoirs au lyc\u00e9e UXSC - Philod\u00e9fi\" \/>\n<meta property=\"og:description\" content=\"Cours, interros et devoirs au lyc\u00e9e UXSC Les fichiers PDFs sont t\u00e9l\u00e9chargeables ci-dessous. 1. La progression sur l&rsquo;ann\u00e9e T\u00e9l\u00e9charger le PDF 2. Les cours section \u00e0 venir 3. Les tests de connaissance Cliquer pour acc\u00e9der \u00e0 1-test_septembre.pdf Cliquer pour acc\u00e9der \u00e0 2-test_decembre.pdf Cliquer pour acc\u00e9der \u00e0 3-test_fevrier.pdf Cliquer pour acc\u00e9der [&hellip;]\" \/>\n<meta property=\"og:url\" content=\"https:\/\/www.philodefi.fr\/index.php\/espace-pedagogique\/cours-interros-et-devoirs-au-lycee-uxsc\/\" \/>\n<meta property=\"og:site_name\" content=\"Philod\u00e9fi\" \/>\n<meta property=\"article:publisher\" content=\"https:\/\/fr-fr.facebook.com\/Philodefi\/\" \/>\n<meta property=\"article:modified_time\" content=\"2026-03-10T12:47:36+00:00\" \/>\n<meta property=\"og:image\" content=\"https:\/\/www.philodefi.fr\/wp-content\/uploads\/2021\/04\/logo_boite_socials.jpg\" \/>\n\t<meta property=\"og:image:width\" content=\"1500\" \/>\n\t<meta property=\"og:image:height\" content=\"986\" \/>\n\t<meta property=\"og:image:type\" content=\"image\/jpeg\" \/>\n<meta name=\"twitter:card\" content=\"summary_large_image\" \/>\n<meta name=\"twitter:label1\" content=\"Dur\u00e9e de lecture estim\u00e9e\" \/>\n\t<meta name=\"twitter:data1\" content=\"1 minute\" \/>\n<script type=\"application\/ld+json\" class=\"yoast-schema-graph\">{\"@context\":\"https:\/\/schema.org\",\"@graph\":[{\"@type\":\"WebPage\",\"@id\":\"https:\/\/www.philodefi.fr\/index.php\/espace-pedagogique\/cours-interros-et-devoirs-au-lycee-uxsc\/\",\"url\":\"https:\/\/www.philodefi.fr\/index.php\/espace-pedagogique\/cours-interros-et-devoirs-au-lycee-uxsc\/\",\"name\":\"Cours, interros et devoirs au lyc\u00e9e UXSC - Philod\u00e9fi\",\"isPartOf\":{\"@id\":\"https:\/\/www.philodefi.fr\/#website\"},\"datePublished\":\"2025-11-16T14:40:42+00:00\",\"dateModified\":\"2026-03-10T12:47:36+00:00\",\"breadcrumb\":{\"@id\":\"https:\/\/www.philodefi.fr\/index.php\/espace-pedagogique\/cours-interros-et-devoirs-au-lycee-uxsc\/#breadcrumb\"},\"inLanguage\":\"fr-FR\",\"potentialAction\":[{\"@type\":\"ReadAction\",\"target\":[\"https:\/\/www.philodefi.fr\/index.php\/espace-pedagogique\/cours-interros-et-devoirs-au-lycee-uxsc\/\"]}]},{\"@type\":\"BreadcrumbList\",\"@id\":\"https:\/\/www.philodefi.fr\/index.php\/espace-pedagogique\/cours-interros-et-devoirs-au-lycee-uxsc\/#breadcrumb\",\"itemListElement\":[{\"@type\":\"ListItem\",\"position\":1,\"name\":\"Accueil\",\"item\":\"https:\/\/www.philodefi.fr\/\"},{\"@type\":\"ListItem\",\"position\":2,\"name\":\"Espace p\u00e9dagogique\",\"item\":\"https:\/\/www.philodefi.fr\/index.php\/espace-pedagogique\/\"},{\"@type\":\"ListItem\",\"position\":3,\"name\":\"Cours, interros et devoirs au lyc\u00e9e UXSC\"}]},{\"@type\":\"WebSite\",\"@id\":\"https:\/\/www.philodefi.fr\/#website\",\"url\":\"https:\/\/www.philodefi.fr\/\",\"name\":\"Philod\u00e9fi\",\"description\":\"Le jeu pour apprendre la philosophie autrement\",\"publisher\":{\"@id\":\"https:\/\/www.philodefi.fr\/#organization\"},\"potentialAction\":[{\"@type\":\"SearchAction\",\"target\":{\"@type\":\"EntryPoint\",\"urlTemplate\":\"https:\/\/www.philodefi.fr\/?s={search_term_string}\"},\"query-input\":{\"@type\":\"PropertyValueSpecification\",\"valueRequired\":true,\"valueName\":\"search_term_string\"}}],\"inLanguage\":\"fr-FR\"},{\"@type\":\"Organization\",\"@id\":\"https:\/\/www.philodefi.fr\/#organization\",\"name\":\"Philod\u00e9fi\",\"url\":\"https:\/\/www.philodefi.fr\/\",\"logo\":{\"@type\":\"ImageObject\",\"inLanguage\":\"fr-FR\",\"@id\":\"https:\/\/www.philodefi.fr\/#\/schema\/logo\/image\/\",\"url\":\"https:\/\/www.philodefi.fr\/wp-content\/uploads\/2018\/10\/logo_philodefi-1.png\",\"contentUrl\":\"https:\/\/www.philodefi.fr\/wp-content\/uploads\/2018\/10\/logo_philodefi-1.png\",\"width\":678,\"height\":222,\"caption\":\"Philod\u00e9fi\"},\"image\":{\"@id\":\"https:\/\/www.philodefi.fr\/#\/schema\/logo\/image\/\"},\"sameAs\":[\"https:\/\/fr-fr.facebook.com\/Philodefi\/\",\"https:\/\/www.youtube.com\/channel\/UC_3N0HKscicsk2AIa0fP-tg\"]}]}<\/script>\n<!-- \/ Yoast SEO plugin. -->","yoast_head_json":{"title":"Cours, interros et devoirs au lyc\u00e9e UXSC - Philod\u00e9fi","robots":{"index":"index","follow":"follow","max-snippet":"max-snippet:-1","max-image-preview":"max-image-preview:large","max-video-preview":"max-video-preview:-1"},"canonical":"https:\/\/www.philodefi.fr\/index.php\/espace-pedagogique\/cours-interros-et-devoirs-au-lycee-uxsc\/","og_locale":"fr_FR","og_type":"article","og_title":"Cours, interros et devoirs au lyc\u00e9e UXSC - Philod\u00e9fi","og_description":"Cours, interros et devoirs au lyc\u00e9e UXSC Les fichiers PDFs sont t\u00e9l\u00e9chargeables ci-dessous. 1. La progression sur l&rsquo;ann\u00e9e T\u00e9l\u00e9charger le PDF 2. Les cours section \u00e0 venir 3. Les tests de connaissance Cliquer pour acc\u00e9der \u00e0 1-test_septembre.pdf Cliquer pour acc\u00e9der \u00e0 2-test_decembre.pdf Cliquer pour acc\u00e9der \u00e0 3-test_fevrier.pdf Cliquer pour acc\u00e9der [&hellip;]","og_url":"https:\/\/www.philodefi.fr\/index.php\/espace-pedagogique\/cours-interros-et-devoirs-au-lycee-uxsc\/","og_site_name":"Philod\u00e9fi","article_publisher":"https:\/\/fr-fr.facebook.com\/Philodefi\/","article_modified_time":"2026-03-10T12:47:36+00:00","og_image":[{"width":1500,"height":986,"url":"https:\/\/www.philodefi.fr\/wp-content\/uploads\/2021\/04\/logo_boite_socials.jpg","type":"image\/jpeg"}],"twitter_card":"summary_large_image","twitter_misc":{"Dur\u00e9e de lecture estim\u00e9e":"1 minute"},"schema":{"@context":"https:\/\/schema.org","@graph":[{"@type":"WebPage","@id":"https:\/\/www.philodefi.fr\/index.php\/espace-pedagogique\/cours-interros-et-devoirs-au-lycee-uxsc\/","url":"https:\/\/www.philodefi.fr\/index.php\/espace-pedagogique\/cours-interros-et-devoirs-au-lycee-uxsc\/","name":"Cours, interros et devoirs au lyc\u00e9e UXSC - Philod\u00e9fi","isPartOf":{"@id":"https:\/\/www.philodefi.fr\/#website"},"datePublished":"2025-11-16T14:40:42+00:00","dateModified":"2026-03-10T12:47:36+00:00","breadcrumb":{"@id":"https:\/\/www.philodefi.fr\/index.php\/espace-pedagogique\/cours-interros-et-devoirs-au-lycee-uxsc\/#breadcrumb"},"inLanguage":"fr-FR","potentialAction":[{"@type":"ReadAction","target":["https:\/\/www.philodefi.fr\/index.php\/espace-pedagogique\/cours-interros-et-devoirs-au-lycee-uxsc\/"]}]},{"@type":"BreadcrumbList","@id":"https:\/\/www.philodefi.fr\/index.php\/espace-pedagogique\/cours-interros-et-devoirs-au-lycee-uxsc\/#breadcrumb","itemListElement":[{"@type":"ListItem","position":1,"name":"Accueil","item":"https:\/\/www.philodefi.fr\/"},{"@type":"ListItem","position":2,"name":"Espace p\u00e9dagogique","item":"https:\/\/www.philodefi.fr\/index.php\/espace-pedagogique\/"},{"@type":"ListItem","position":3,"name":"Cours, interros et devoirs au lyc\u00e9e UXSC"}]},{"@type":"WebSite","@id":"https:\/\/www.philodefi.fr\/#website","url":"https:\/\/www.philodefi.fr\/","name":"Philod\u00e9fi","description":"Le jeu pour apprendre la philosophie autrement","publisher":{"@id":"https:\/\/www.philodefi.fr\/#organization"},"potentialAction":[{"@type":"SearchAction","target":{"@type":"EntryPoint","urlTemplate":"https:\/\/www.philodefi.fr\/?s={search_term_string}"},"query-input":{"@type":"PropertyValueSpecification","valueRequired":true,"valueName":"search_term_string"}}],"inLanguage":"fr-FR"},{"@type":"Organization","@id":"https:\/\/www.philodefi.fr\/#organization","name":"Philod\u00e9fi","url":"https:\/\/www.philodefi.fr\/","logo":{"@type":"ImageObject","inLanguage":"fr-FR","@id":"https:\/\/www.philodefi.fr\/#\/schema\/logo\/image\/","url":"https:\/\/www.philodefi.fr\/wp-content\/uploads\/2018\/10\/logo_philodefi-1.png","contentUrl":"https:\/\/www.philodefi.fr\/wp-content\/uploads\/2018\/10\/logo_philodefi-1.png","width":678,"height":222,"caption":"Philod\u00e9fi"},"image":{"@id":"https:\/\/www.philodefi.fr\/#\/schema\/logo\/image\/"},"sameAs":["https:\/\/fr-fr.facebook.com\/Philodefi\/","https:\/\/www.youtube.com\/channel\/UC_3N0HKscicsk2AIa0fP-tg"]}]}},"jetpack_sharing_enabled":true,"jetpack_shortlink":"https:\/\/wp.me\/PavdZ1-5hA","_links":{"self":[{"href":"https:\/\/www.philodefi.fr\/index.php\/wp-json\/wp\/v2\/pages\/20310","targetHints":{"allow":["GET"]}}],"collection":[{"href":"https:\/\/www.philodefi.fr\/index.php\/wp-json\/wp\/v2\/pages"}],"about":[{"href":"https:\/\/www.philodefi.fr\/index.php\/wp-json\/wp\/v2\/types\/page"}],"author":[{"embeddable":true,"href":"https:\/\/www.philodefi.fr\/index.php\/wp-json\/wp\/v2\/users\/1"}],"replies":[{"embeddable":true,"href":"https:\/\/www.philodefi.fr\/index.php\/wp-json\/wp\/v2\/comments?post=20310"}],"version-history":[{"count":6,"href":"https:\/\/www.philodefi.fr\/index.php\/wp-json\/wp\/v2\/pages\/20310\/revisions"}],"predecessor-version":[{"id":20573,"href":"https:\/\/www.philodefi.fr\/index.php\/wp-json\/wp\/v2\/pages\/20310\/revisions\/20573"}],"up":[{"embeddable":true,"href":"https:\/\/www.philodefi.fr\/index.php\/wp-json\/wp\/v2\/pages\/3181"}],"wp:attachment":[{"href":"https:\/\/www.philodefi.fr\/index.php\/wp-json\/wp\/v2\/media?parent=20310"}],"curies":[{"name":"wp","href":"https:\/\/api.w.org\/{rel}","templated":true}]}}