{"id":1169,"date":"2019-02-18T13:41:56","date_gmt":"2019-02-18T12:41:56","guid":{"rendered":"https:\/\/www.philodefi.fr\/index.php\/panier\/"},"modified":"2021-08-05T16:58:09","modified_gmt":"2021-08-05T14:58:09","slug":"panier","status":"publish","type":"page","link":"https:\/\/www.philodefi.fr\/index.php\/panier\/","title":{"rendered":"Panier"},"content":{"rendered":"<p>Nous travaillons en auto-\u00e9dition: vous commandez \u00ab\u00a0en direct producteur\u00a0\u00bb!<br \/>\n<i>Le paiement par carte bleue est r\u00e9alis\u00e9 par Stripe, l&rsquo;un des leaders mondiaux en solutions de paiement.<br \/>\n<\/i><\/p>\n<p><span style=\"color: #ac0000;\">Vous pouvez \u00e9galement commander nos<\/span> <a href=\"https:\/\/www.philodefi.fr\/index.php\/espace-pedagogique\/outils-pedagogiques\/\">outils p\u00e9dagogiques<\/a> <span style=\"color: #ac0000;\">(cartes \u00e0 colorier et posters):<\/span> rendez-vous dans <a href=\"https:\/\/www.philodefi.fr\/index.php\/espace-pedagogique\/outils-pedagogiques\/\">l&rsquo;espace p\u00e9dagogique<\/a> !<\/p>\n<blockquote style=\"display: none!important; font-size: 1em;\"><p><i><em>Poitiers, le 4 juin 2019<\/em><\/i><\/p>\n<p><span>Bonjour !\u00a0<\/span><br \/>\n<span>Vous \u00eates de plus en plus nombreux \u00e0 vous int\u00e9resser \u00e0 Philod\u00e9fi et gr\u00e2ce \u00e0 vous nous allons bient\u00f4t imprimer la deuxi\u00e8me \u00e9dition !\u00a0<\/span><\/p>\n<p><span>Si vous ne recevez pas rapidement votre commande&#8230; cela signifie que c&rsquo;est la deuxi\u00e8me \u00e9dition qui vous parviendra dans les prochaines semaines &#8211; accompagn\u00e9e d&rsquo;un petit cadeau pour vous remercier de votre patience !<\/span><\/p>\n<p><span>Avec tous nos remerciements,<\/span><\/p>\n<p><span>St\u00e9phane Marcireau, <\/span><span>Pour l&rsquo;\u00e9quipe de Philod\u00e9fi<\/span><\/p><\/blockquote>\n\n<div class=\"woocommerce columns-4 \"><ul class=\"products columns-4\">\n<li class=\"product type-product post-3212 status-publish first instock product_cat-supports-pedagogiques has-post-thumbnail taxable shipping-taxable purchasable product-type-simple\">\n\t<a href=\"https:\/\/www.philodefi.fr\/index.php\/produit\/cartes-personnalisables\/\" class=\"woocommerce-LoopProduct-link woocommerce-loop-product__link\"><img loading=\"lazy\" decoding=\"async\" width=\"230\" height=\"350\" src=\"https:\/\/www.philodefi.fr\/wp-content\/uploads\/2019\/10\/montage_poster-230x350.jpg\" class=\"attachment-woocommerce_thumbnail size-woocommerce_thumbnail\" alt=\"\" \/><h2 class=\"woocommerce-loop-product__title\">Cartes personnalisables A4<\/h2>\n\t<span class=\"price\"><span class=\"woocommerce-Price-amount amount\"><bdi>10,00<span class=\"woocommerce-Price-currencySymbol\">&euro;<\/span><\/bdi><\/span><\/span>\n<\/a><a href=\"?add-to-cart=3212\" aria-describedby=\"woocommerce_loop_add_to_cart_link_describedby_3212\" data-quantity=\"1\" class=\"button product_type_simple add_to_cart_button ajax_add_to_cart\" data-product_id=\"3212\" data-product_sku=\"\" aria-label=\"Ajouter au panier\u00a0: &ldquo;Cartes personnalisables A4&rdquo;\" rel=\"nofollow\" data-success_message=\"\u00ab\u00a0Cartes personnalisables A4\u00a0\u00bb a \u00e9t\u00e9 ajout\u00e9 \u00e0 votre panier\">Ajouter au panier<\/a>\t<span id=\"woocommerce_loop_add_to_cart_link_describedby_3212\" class=\"screen-reader-text\">\n\t\t\t<\/span>\n<\/li>\n<li class=\"product type-product post-19551 status-publish instock product_cat-jeu-de-carte has-post-thumbnail taxable shipping-taxable purchasable product-type-simple\">\n\t<a href=\"https:\/\/www.philodefi.fr\/index.php\/produit\/kit1-recharge-de-cartes-3eme-edition\/\" class=\"woocommerce-LoopProduct-link woocommerce-loop-product__link\"><img loading=\"lazy\" decoding=\"async\" width=\"230\" height=\"350\" src=\"https:\/\/www.philodefi.fr\/wp-content\/uploads\/2025\/07\/site_pack_cartes_lettres_01-230x350.jpg\" class=\"attachment-woocommerce_thumbnail size-woocommerce_thumbnail\" alt=\"\" srcset=\"https:\/\/www.philodefi.fr\/wp-content\/uploads\/2025\/07\/site_pack_cartes_lettres_01-230x350.jpg 230w, https:\/\/www.philodefi.fr\/wp-content\/uploads\/2025\/07\/site_pack_cartes_lettres_01-460x700.jpg 460w\" sizes=\"auto, (max-width: 230px) 100vw, 230px\" \/><h2 class=\"woocommerce-loop-product__title\">Kit1 &#8211; Recharge de cartes 3\u00e8me \u00e9dition (36 cartes)<\/h2>\n\t<span class=\"price\"><span class=\"woocommerce-Price-amount amount\"><bdi>6,00<span class=\"woocommerce-Price-currencySymbol\">&euro;<\/span><\/bdi><\/span><\/span>\n<\/a><a href=\"?add-to-cart=19551\" aria-describedby=\"woocommerce_loop_add_to_cart_link_describedby_19551\" data-quantity=\"1\" class=\"button product_type_simple add_to_cart_button ajax_add_to_cart\" data-product_id=\"19551\" data-product_sku=\"4\" aria-label=\"Ajouter au panier\u00a0: &ldquo;Kit1 - Recharge de cartes 3\u00e8me \u00e9dition (36 cartes)&rdquo;\" rel=\"nofollow\" data-success_message=\"\u00ab\u00a0Kit1 - Recharge de cartes 3\u00e8me \u00e9dition (36 cartes)\u00a0\u00bb a \u00e9t\u00e9 ajout\u00e9 \u00e0 votre panier\">Ajouter au panier<\/a>\t<span id=\"woocommerce_loop_add_to_cart_link_describedby_19551\" class=\"screen-reader-text\">\n\t\t\t<\/span>\n<\/li>\n<li class=\"product type-product post-1180 status-publish instock product_cat-jeu-de-carte has-post-thumbnail taxable shipping-taxable purchasable product-type-simple\">\n\t<a href=\"https:\/\/www.philodefi.fr\/index.php\/produit\/philodefi-1ere-edition\/\" class=\"woocommerce-LoopProduct-link woocommerce-loop-product__link\"><img loading=\"lazy\" decoding=\"async\" width=\"230\" height=\"350\" src=\"https:\/\/www.philodefi.fr\/wp-content\/uploads\/2019\/01\/philodefi_prototype_box-230x350.jpg\" class=\"attachment-woocommerce_thumbnail size-woocommerce_thumbnail\" alt=\"\" \/><h2 class=\"woocommerce-loop-product__title\">Philod\u00e9fi (2\u00e8me \u00e9dition)<\/h2>\n\t<span class=\"price\"><span class=\"woocommerce-Price-amount amount\"><bdi>12,50<span class=\"woocommerce-Price-currencySymbol\">&euro;<\/span><\/bdi><\/span><\/span>\n<\/a><a href=\"?add-to-cart=1180\" aria-describedby=\"woocommerce_loop_add_to_cart_link_describedby_1180\" data-quantity=\"1\" class=\"button product_type_simple add_to_cart_button ajax_add_to_cart\" data-product_id=\"1180\" data-product_sku=\"1\" aria-label=\"Ajouter au panier\u00a0: &ldquo;Philod\u00e9fi (2\u00e8me \u00e9dition)&rdquo;\" rel=\"nofollow\" data-success_message=\"\u00ab\u00a0Philod\u00e9fi (2\u00e8me \u00e9dition)\u00a0\u00bb a \u00e9t\u00e9 ajout\u00e9 \u00e0 votre panier\">Ajouter au panier<\/a>\t<span id=\"woocommerce_loop_add_to_cart_link_describedby_1180\" class=\"screen-reader-text\">\n\t\t\t<\/span>\n<\/li>\n<li class=\"product type-product post-6504 status-publish last instock product_cat-jeu-de-carte has-post-thumbnail taxable shipping-taxable purchasable product-type-simple\">\n\t<a href=\"https:\/\/www.philodefi.fr\/index.php\/produit\/philodefi-3e-edition-avec-ateliers-philo\/\" class=\"woocommerce-LoopProduct-link woocommerce-loop-product__link\"><img loading=\"lazy\" decoding=\"async\" width=\"230\" height=\"350\" src=\"https:\/\/www.philodefi.fr\/wp-content\/uploads\/2021\/11\/philodefi_3eEdition_box-230x350.jpg\" class=\"attachment-woocommerce_thumbnail size-woocommerce_thumbnail\" alt=\"\" srcset=\"https:\/\/www.philodefi.fr\/wp-content\/uploads\/2021\/11\/philodefi_3eEdition_box-230x350.jpg 230w, https:\/\/www.philodefi.fr\/wp-content\/uploads\/2021\/11\/philodefi_3eEdition_box-460x700.jpg 460w\" sizes=\"auto, (max-width: 230px) 100vw, 230px\" \/><h2 class=\"woocommerce-loop-product__title\">Philod\u00e9fi (3e \u00e9dition)<\/h2>\n\t<span class=\"price\"><span class=\"woocommerce-Price-amount amount\"><bdi>28,00<span class=\"woocommerce-Price-currencySymbol\">&euro;<\/span><\/bdi><\/span><\/span>\n<\/a><a href=\"?add-to-cart=6504\" aria-describedby=\"woocommerce_loop_add_to_cart_link_describedby_6504\" data-quantity=\"1\" class=\"button product_type_simple add_to_cart_button ajax_add_to_cart\" data-product_id=\"6504\" data-product_sku=\"2\" aria-label=\"Ajouter au panier\u00a0: &ldquo;Philod\u00e9fi (3e \u00e9dition)&rdquo;\" rel=\"nofollow\" data-success_message=\"\u00ab\u00a0Philod\u00e9fi (3e \u00e9dition)\u00a0\u00bb a \u00e9t\u00e9 ajout\u00e9 \u00e0 votre panier\">Ajouter au panier<\/a>\t<span id=\"woocommerce_loop_add_to_cart_link_describedby_6504\" class=\"screen-reader-text\">\n\t\t\t<\/span>\n<\/li>\n<li class=\"product type-product post-3216 status-publish first instock product_cat-supports-pedagogiques has-post-thumbnail taxable shipping-taxable purchasable product-type-simple\">\n\t<a href=\"https:\/\/www.philodefi.fr\/index.php\/produit\/poster-couleur-a3\/\" class=\"woocommerce-LoopProduct-link woocommerce-loop-product__link\"><img loading=\"lazy\" decoding=\"async\" width=\"230\" height=\"350\" src=\"https:\/\/www.philodefi.fr\/wp-content\/uploads\/2019\/10\/montage_poster_couleur-230x350.jpg\" class=\"attachment-woocommerce_thumbnail size-woocommerce_thumbnail\" alt=\"\" srcset=\"https:\/\/www.philodefi.fr\/wp-content\/uploads\/2019\/10\/montage_poster_couleur-230x350.jpg 230w, https:\/\/www.philodefi.fr\/wp-content\/uploads\/2019\/10\/montage_poster_couleur-460x698.jpg 460w\" sizes=\"auto, (max-width: 230px) 100vw, 230px\" \/><h2 class=\"woocommerce-loop-product__title\">Posters couleur A3<\/h2>\n\t<span class=\"price\"><span class=\"woocommerce-Price-amount amount\"><bdi>15,00<span class=\"woocommerce-Price-currencySymbol\">&euro;<\/span><\/bdi><\/span><\/span>\n<\/a><a href=\"?add-to-cart=3216\" aria-describedby=\"woocommerce_loop_add_to_cart_link_describedby_3216\" data-quantity=\"1\" class=\"button product_type_simple add_to_cart_button ajax_add_to_cart\" data-product_id=\"3216\" data-product_sku=\"\" aria-label=\"Ajouter au panier\u00a0: &ldquo;Posters couleur A3&rdquo;\" rel=\"nofollow\" data-success_message=\"\u00ab\u00a0Posters couleur A3\u00a0\u00bb a \u00e9t\u00e9 ajout\u00e9 \u00e0 votre panier\">Ajouter au panier<\/a>\t<span id=\"woocommerce_loop_add_to_cart_link_describedby_3216\" class=\"screen-reader-text\">\n\t\t\t<\/span>\n<\/li>\n<li class=\"product type-product post-6509 status-publish instock product_cat-jeu-de-carte has-post-thumbnail taxable shipping-taxable purchasable product-type-simple\">\n\t<a href=\"https:\/\/www.philodefi.fr\/index.php\/produit\/recharge-2e-edition\/\" class=\"woocommerce-LoopProduct-link woocommerce-loop-product__link\"><img loading=\"lazy\" decoding=\"async\" width=\"230\" height=\"350\" src=\"https:\/\/www.philodefi.fr\/wp-content\/uploads\/2021\/11\/compo_cartes_ateliers-230x350.jpg\" class=\"attachment-woocommerce_thumbnail size-woocommerce_thumbnail\" alt=\"\" \/><h2 class=\"woocommerce-loop-product__title\">Recharge 2e \u00e9dition (cartes additionnelles)<\/h2>\n\t<span class=\"price\"><span class=\"woocommerce-Price-amount amount\"><bdi>9,90<span class=\"woocommerce-Price-currencySymbol\">&euro;<\/span><\/bdi><\/span><\/span>\n<\/a><a href=\"?add-to-cart=6509\" aria-describedby=\"woocommerce_loop_add_to_cart_link_describedby_6509\" data-quantity=\"1\" class=\"button product_type_simple add_to_cart_button ajax_add_to_cart\" data-product_id=\"6509\" data-product_sku=\"3\" aria-label=\"Ajouter au panier\u00a0: &ldquo;Recharge 2e \u00e9dition (cartes additionnelles)&rdquo;\" rel=\"nofollow\" data-success_message=\"\u00ab\u00a0Recharge 2e \u00e9dition (cartes additionnelles)\u00a0\u00bb a \u00e9t\u00e9 ajout\u00e9 \u00e0 votre panier\">Ajouter au panier<\/a>\t<span id=\"woocommerce_loop_add_to_cart_link_describedby_6509\" class=\"screen-reader-text\">\n\t\t\t<\/span>\n<\/li>\n<li class=\"product type-product post-6102 status-publish instock product_cat-supports-pedagogiques has-post-thumbnail taxable shipping-taxable purchasable product-type-simple\">\n\t<a href=\"https:\/\/www.philodefi.fr\/index.php\/produit\/supports-ateliers-philo\/\" class=\"woocommerce-LoopProduct-link woocommerce-loop-product__link\"><img loading=\"lazy\" decoding=\"async\" width=\"230\" height=\"217\" src=\"https:\/\/www.philodefi.fr\/wp-content\/uploads\/2021\/08\/montage_ateliers_descartes-230x217.jpg\" class=\"attachment-woocommerce_thumbnail size-woocommerce_thumbnail\" alt=\"\" \/><h2 class=\"woocommerce-loop-product__title\">Supports \u00ab\u00a0Ateliers Philo\u00a0\u00bb (A4)<\/h2>\n\t<span class=\"price\"><span class=\"woocommerce-Price-amount amount\"><bdi>15,00<span class=\"woocommerce-Price-currencySymbol\">&euro;<\/span><\/bdi><\/span><\/span>\n<\/a><a href=\"?add-to-cart=6102\" aria-describedby=\"woocommerce_loop_add_to_cart_link_describedby_6102\" data-quantity=\"1\" class=\"button product_type_simple add_to_cart_button ajax_add_to_cart\" data-product_id=\"6102\" data-product_sku=\"\" aria-label=\"Ajouter au panier\u00a0: &ldquo;Supports &quot;Ateliers Philo&quot; (A4)&rdquo;\" rel=\"nofollow\" data-success_message=\"\u00ab\u00a0Supports &quot;Ateliers Philo&quot; (A4)\u00a0\u00bb a \u00e9t\u00e9 ajout\u00e9 \u00e0 votre panier\">Ajouter au panier<\/a>\t<span id=\"woocommerce_loop_add_to_cart_link_describedby_6102\" class=\"screen-reader-text\">\n\t\t\t<\/span>\n<\/li>\n<\/ul>\n<\/div>\n","protected":false},"excerpt":{"rendered":"<p>Nous travaillons en auto-\u00e9dition: vous commandez \u00ab\u00a0en direct producteur\u00a0\u00bb! Le paiement par carte bleue est r\u00e9alis\u00e9 par Stripe, l&rsquo;un des leaders mondiaux en solutions de paiement. Vous pouvez \u00e9galement commander nos outils p\u00e9dagogiques (cartes \u00e0 colorier et posters): rendez-vous dans l&rsquo;espace p\u00e9dagogique ! Poitiers, le 4 juin 2019 Bonjour !\u00a0 [&hellip;]<\/p>\n","protected":false},"author":1,"featured_media":1181,"parent":0,"menu_order":0,"comment_status":"closed","ping_status":"closed","template":"","meta":{"jetpack_post_was_ever_published":false,"footnotes":""},"class_list":["post-1169","page","type-page","status-publish","has-post-thumbnail","hentry"],"yoast_head":"<!-- This site is optimized with the Yoast SEO plugin v24.0 - https:\/\/yoast.com\/wordpress\/plugins\/seo\/ -->\n<title>Panier - Philod\u00e9fi<\/title>\n<meta name=\"robots\" content=\"index, follow, max-snippet:-1, max-image-preview:large, max-video-preview:-1\" \/>\n<link rel=\"canonical\" href=\"https:\/\/www.philodefi.fr\/index.php\/panier\/\" \/>\n<meta property=\"og:locale\" content=\"fr_FR\" \/>\n<meta property=\"og:type\" content=\"article\" \/>\n<meta property=\"og:title\" content=\"Panier - Philod\u00e9fi\" \/>\n<meta property=\"og:description\" content=\"Nous travaillons en auto-\u00e9dition: vous commandez \u00ab\u00a0en direct producteur\u00a0\u00bb! Le paiement par carte bleue est r\u00e9alis\u00e9 par Stripe, l&rsquo;un des leaders mondiaux en solutions de paiement. Vous pouvez \u00e9galement commander nos outils p\u00e9dagogiques (cartes \u00e0 colorier et posters): rendez-vous dans l&rsquo;espace p\u00e9dagogique ! Poitiers, le 4 juin 2019 Bonjour !\u00a0 [&hellip;]\" \/>\n<meta property=\"og:url\" content=\"https:\/\/www.philodefi.fr\/index.php\/panier\/\" \/>\n<meta property=\"og:site_name\" content=\"Philod\u00e9fi\" \/>\n<meta property=\"article:publisher\" content=\"https:\/\/fr-fr.facebook.com\/Philodefi\/\" \/>\n<meta property=\"article:modified_time\" content=\"2021-08-05T14:58:09+00:00\" \/>\n<meta property=\"og:image\" content=\"https:\/\/www.philodefi.fr\/wp-content\/uploads\/2019\/02\/salon_coffre_cartes.jpg\" \/>\n\t<meta property=\"og:image:width\" content=\"1200\" \/>\n\t<meta property=\"og:image:height\" content=\"726\" \/>\n\t<meta property=\"og:image:type\" content=\"image\/jpeg\" \/>\n<meta name=\"twitter:card\" content=\"summary_large_image\" \/>\n<meta name=\"twitter:label1\" content=\"Dur\u00e9e de lecture estim\u00e9e\" \/>\n\t<meta name=\"twitter:data1\" content=\"1 minute\" \/>\n<script type=\"application\/ld+json\" class=\"yoast-schema-graph\">{\"@context\":\"https:\/\/schema.org\",\"@graph\":[{\"@type\":\"WebPage\",\"@id\":\"https:\/\/www.philodefi.fr\/index.php\/panier\/\",\"url\":\"https:\/\/www.philodefi.fr\/index.php\/panier\/\",\"name\":\"Panier - Philod\u00e9fi\",\"isPartOf\":{\"@id\":\"https:\/\/www.philodefi.fr\/#website\"},\"primaryImageOfPage\":{\"@id\":\"https:\/\/www.philodefi.fr\/index.php\/panier\/#primaryimage\"},\"image\":{\"@id\":\"https:\/\/www.philodefi.fr\/index.php\/panier\/#primaryimage\"},\"thumbnailUrl\":\"https:\/\/www.philodefi.fr\/wp-content\/uploads\/2019\/02\/salon_coffre_cartes.jpg\",\"datePublished\":\"2019-02-18T12:41:56+00:00\",\"dateModified\":\"2021-08-05T14:58:09+00:00\",\"breadcrumb\":{\"@id\":\"https:\/\/www.philodefi.fr\/index.php\/panier\/#breadcrumb\"},\"inLanguage\":\"fr-FR\",\"potentialAction\":[{\"@type\":\"ReadAction\",\"target\":[\"https:\/\/www.philodefi.fr\/index.php\/panier\/\"]}]},{\"@type\":\"ImageObject\",\"inLanguage\":\"fr-FR\",\"@id\":\"https:\/\/www.philodefi.fr\/index.php\/panier\/#primaryimage\",\"url\":\"https:\/\/www.philodefi.fr\/wp-content\/uploads\/2019\/02\/salon_coffre_cartes.jpg\",\"contentUrl\":\"https:\/\/www.philodefi.fr\/wp-content\/uploads\/2019\/02\/salon_coffre_cartes.jpg\",\"width\":1200,\"height\":726},{\"@type\":\"BreadcrumbList\",\"@id\":\"https:\/\/www.philodefi.fr\/index.php\/panier\/#breadcrumb\",\"itemListElement\":[{\"@type\":\"ListItem\",\"position\":1,\"name\":\"Accueil\",\"item\":\"https:\/\/www.philodefi.fr\/\"},{\"@type\":\"ListItem\",\"position\":2,\"name\":\"Panier\"}]},{\"@type\":\"WebSite\",\"@id\":\"https:\/\/www.philodefi.fr\/#website\",\"url\":\"https:\/\/www.philodefi.fr\/\",\"name\":\"Philod\u00e9fi\",\"description\":\"Le jeu pour apprendre la philosophie autrement\",\"publisher\":{\"@id\":\"https:\/\/www.philodefi.fr\/#organization\"},\"potentialAction\":[{\"@type\":\"SearchAction\",\"target\":{\"@type\":\"EntryPoint\",\"urlTemplate\":\"https:\/\/www.philodefi.fr\/?s={search_term_string}\"},\"query-input\":{\"@type\":\"PropertyValueSpecification\",\"valueRequired\":true,\"valueName\":\"search_term_string\"}}],\"inLanguage\":\"fr-FR\"},{\"@type\":\"Organization\",\"@id\":\"https:\/\/www.philodefi.fr\/#organization\",\"name\":\"Philod\u00e9fi\",\"url\":\"https:\/\/www.philodefi.fr\/\",\"logo\":{\"@type\":\"ImageObject\",\"inLanguage\":\"fr-FR\",\"@id\":\"https:\/\/www.philodefi.fr\/#\/schema\/logo\/image\/\",\"url\":\"https:\/\/www.philodefi.fr\/wp-content\/uploads\/2018\/10\/logo_philodefi-1.png\",\"contentUrl\":\"https:\/\/www.philodefi.fr\/wp-content\/uploads\/2018\/10\/logo_philodefi-1.png\",\"width\":678,\"height\":222,\"caption\":\"Philod\u00e9fi\"},\"image\":{\"@id\":\"https:\/\/www.philodefi.fr\/#\/schema\/logo\/image\/\"},\"sameAs\":[\"https:\/\/fr-fr.facebook.com\/Philodefi\/\",\"https:\/\/www.youtube.com\/channel\/UC_3N0HKscicsk2AIa0fP-tg\"]}]}<\/script>\n<!-- \/ Yoast SEO plugin. -->","yoast_head_json":{"title":"Panier - Philod\u00e9fi","robots":{"index":"index","follow":"follow","max-snippet":"max-snippet:-1","max-image-preview":"max-image-preview:large","max-video-preview":"max-video-preview:-1"},"canonical":"https:\/\/www.philodefi.fr\/index.php\/panier\/","og_locale":"fr_FR","og_type":"article","og_title":"Panier - Philod\u00e9fi","og_description":"Nous travaillons en auto-\u00e9dition: vous commandez \u00ab\u00a0en direct producteur\u00a0\u00bb! Le paiement par carte bleue est r\u00e9alis\u00e9 par Stripe, l&rsquo;un des leaders mondiaux en solutions de paiement. Vous pouvez \u00e9galement commander nos outils p\u00e9dagogiques (cartes \u00e0 colorier et posters): rendez-vous dans l&rsquo;espace p\u00e9dagogique ! Poitiers, le 4 juin 2019 Bonjour !\u00a0 [&hellip;]","og_url":"https:\/\/www.philodefi.fr\/index.php\/panier\/","og_site_name":"Philod\u00e9fi","article_publisher":"https:\/\/fr-fr.facebook.com\/Philodefi\/","article_modified_time":"2021-08-05T14:58:09+00:00","og_image":[{"width":1200,"height":726,"url":"https:\/\/www.philodefi.fr\/wp-content\/uploads\/2019\/02\/salon_coffre_cartes.jpg","type":"image\/jpeg"}],"twitter_card":"summary_large_image","twitter_misc":{"Dur\u00e9e de lecture estim\u00e9e":"1 minute"},"schema":{"@context":"https:\/\/schema.org","@graph":[{"@type":"WebPage","@id":"https:\/\/www.philodefi.fr\/index.php\/panier\/","url":"https:\/\/www.philodefi.fr\/index.php\/panier\/","name":"Panier - Philod\u00e9fi","isPartOf":{"@id":"https:\/\/www.philodefi.fr\/#website"},"primaryImageOfPage":{"@id":"https:\/\/www.philodefi.fr\/index.php\/panier\/#primaryimage"},"image":{"@id":"https:\/\/www.philodefi.fr\/index.php\/panier\/#primaryimage"},"thumbnailUrl":"https:\/\/www.philodefi.fr\/wp-content\/uploads\/2019\/02\/salon_coffre_cartes.jpg","datePublished":"2019-02-18T12:41:56+00:00","dateModified":"2021-08-05T14:58:09+00:00","breadcrumb":{"@id":"https:\/\/www.philodefi.fr\/index.php\/panier\/#breadcrumb"},"inLanguage":"fr-FR","potentialAction":[{"@type":"ReadAction","target":["https:\/\/www.philodefi.fr\/index.php\/panier\/"]}]},{"@type":"ImageObject","inLanguage":"fr-FR","@id":"https:\/\/www.philodefi.fr\/index.php\/panier\/#primaryimage","url":"https:\/\/www.philodefi.fr\/wp-content\/uploads\/2019\/02\/salon_coffre_cartes.jpg","contentUrl":"https:\/\/www.philodefi.fr\/wp-content\/uploads\/2019\/02\/salon_coffre_cartes.jpg","width":1200,"height":726},{"@type":"BreadcrumbList","@id":"https:\/\/www.philodefi.fr\/index.php\/panier\/#breadcrumb","itemListElement":[{"@type":"ListItem","position":1,"name":"Accueil","item":"https:\/\/www.philodefi.fr\/"},{"@type":"ListItem","position":2,"name":"Panier"}]},{"@type":"WebSite","@id":"https:\/\/www.philodefi.fr\/#website","url":"https:\/\/www.philodefi.fr\/","name":"Philod\u00e9fi","description":"Le jeu pour apprendre la philosophie autrement","publisher":{"@id":"https:\/\/www.philodefi.fr\/#organization"},"potentialAction":[{"@type":"SearchAction","target":{"@type":"EntryPoint","urlTemplate":"https:\/\/www.philodefi.fr\/?s={search_term_string}"},"query-input":{"@type":"PropertyValueSpecification","valueRequired":true,"valueName":"search_term_string"}}],"inLanguage":"fr-FR"},{"@type":"Organization","@id":"https:\/\/www.philodefi.fr\/#organization","name":"Philod\u00e9fi","url":"https:\/\/www.philodefi.fr\/","logo":{"@type":"ImageObject","inLanguage":"fr-FR","@id":"https:\/\/www.philodefi.fr\/#\/schema\/logo\/image\/","url":"https:\/\/www.philodefi.fr\/wp-content\/uploads\/2018\/10\/logo_philodefi-1.png","contentUrl":"https:\/\/www.philodefi.fr\/wp-content\/uploads\/2018\/10\/logo_philodefi-1.png","width":678,"height":222,"caption":"Philod\u00e9fi"},"image":{"@id":"https:\/\/www.philodefi.fr\/#\/schema\/logo\/image\/"},"sameAs":["https:\/\/fr-fr.facebook.com\/Philodefi\/","https:\/\/www.youtube.com\/channel\/UC_3N0HKscicsk2AIa0fP-tg"]}]}},"jetpack_sharing_enabled":true,"jetpack_shortlink":"https:\/\/wp.me\/PavdZ1-iR","_links":{"self":[{"href":"https:\/\/www.philodefi.fr\/index.php\/wp-json\/wp\/v2\/pages\/1169","targetHints":{"allow":["GET"]}}],"collection":[{"href":"https:\/\/www.philodefi.fr\/index.php\/wp-json\/wp\/v2\/pages"}],"about":[{"href":"https:\/\/www.philodefi.fr\/index.php\/wp-json\/wp\/v2\/types\/page"}],"author":[{"embeddable":true,"href":"https:\/\/www.philodefi.fr\/index.php\/wp-json\/wp\/v2\/users\/1"}],"replies":[{"embeddable":true,"href":"https:\/\/www.philodefi.fr\/index.php\/wp-json\/wp\/v2\/comments?post=1169"}],"version-history":[{"count":0,"href":"https:\/\/www.philodefi.fr\/index.php\/wp-json\/wp\/v2\/pages\/1169\/revisions"}],"wp:featuredmedia":[{"embeddable":true,"href":"https:\/\/www.philodefi.fr\/index.php\/wp-json\/wp\/v2\/media\/1181"}],"wp:attachment":[{"href":"https:\/\/www.philodefi.fr\/index.php\/wp-json\/wp\/v2\/media?parent=1169"}],"curies":[{"name":"wp","href":"https:\/\/api.w.org\/{rel}","templated":true}]}}